{"id":2046,"date":"2025-11-28T19:39:15","date_gmt":"2025-11-28T19:39:15","guid":{"rendered":"https:\/\/tce.aero\/?page_id=2046"},"modified":"2025-11-28T22:09:27","modified_gmt":"2025-11-28T22:09:27","slug":"politica-de-tratamiento-de-datos-personales-de-los-clientes","status":"publish","type":"page","link":"https:\/\/tce.aero\/?page_id=2046","title":{"rendered":"Aviso de privacidad para el tratamiento de datos personales de los clientes"},"content":{"rendered":"\t\t<div data-elementor-type=\"wp-page\" data-elementor-id=\"2046\" class=\"elementor elementor-2046\" data-elementor-post-type=\"page\">\n\t\t\t\t<div class=\"elementor-element elementor-element-8de9038 e-flex e-con-boxed e-con e-parent\" data-id=\"8de9038\" data-element_type=\"container\" data-e-type=\"container\">\n\t\t\t\t\t<div class=\"e-con-inner\">\n\t\t\t\t<div class=\"elementor-element elementor-element-2b8c030 elementor-widget elementor-widget-heading\" data-id=\"2b8c030\" data-element_type=\"widget\" data-e-type=\"widget\" data-widget_type=\"heading.default\">\n\t\t\t\t\t<h6 class=\"elementor-heading-title elementor-size-default\">28\/11\/25<\/h6>\t\t\t\t<\/div>\n\t\t\t\t<div class=\"elementor-element elementor-element-26b5afb elementor-widget elementor-widget-heading\" data-id=\"26b5afb\" data-element_type=\"widget\" data-e-type=\"widget\" data-widget_type=\"heading.default\">\n\t\t\t\t\t<h4 class=\"elementor-heading-title elementor-size-default\">Aviso de Privacidad para el Tratamiento de Datos Personales de los Clientes<\/h4>\t\t\t\t<\/div>\n\t\t\t\t\t<\/div>\n\t\t\t\t<\/div>\n\t\t<div class=\"elementor-element elementor-element-882d615 e-flex e-con-boxed e-con e-parent\" data-id=\"882d615\" data-element_type=\"container\" data-e-type=\"container\">\n\t\t\t\t\t<div class=\"e-con-inner\">\n\t\t\r\n\t\t<div class=\"elementor-element elementor-element-c1ab289 elementor-widget elementor-widget-text-editor\" data-id=\"c1ab289\" data-element_type=\"widget\" data-e-type=\"widget\" data-widget_type=\"text-editor.default\">\n\t\t\t\t\t\t\t\t\t<p>En cumplimiento de la Ley Org\u00e1nica de Protecci\u00f3n de Datos Personales (LOPDP), <strong>Terminal de Cargas del Ecuador S.A.<\/strong>, informa a sus clientes sobre el uso y protecci\u00f3n de sus datos personales, de acuerdo con las siguientes disposiciones:<\/p>\t\t\t\t\t\t\t\t<\/div>\n\t\t\t\t<div class=\"elementor-element elementor-element-2731656 elementor-widget elementor-widget-heading\" data-id=\"2731656\" data-element_type=\"widget\" data-e-type=\"widget\" data-widget_type=\"heading.default\">\n\t\t\t\t\t<h5 class=\"elementor-heading-title elementor-size-default\">1. \u00bfQui\u00e9n es responsable de mis datos?<\/h5>\t\t\t\t<\/div>\n\t\t\t\t<div class=\"elementor-element elementor-element-b4fbba5 elementor-widget elementor-widget-text-editor\" data-id=\"b4fbba5\" data-element_type=\"widget\" data-e-type=\"widget\" data-widget_type=\"text-editor.default\">\n\t\t\t\t\t\t\t\t\t<p><strong>Terminal de Cargas del Ecuador S.A.<\/strong> es la empresa responsable de manejar sus datos personales. Lo hacemos seg\u00fan la Ley Org\u00e1nica de Protecci\u00f3n de Datos Personales (LOPDP) y su Reglamento.<\/p><p>Nuestra direcci\u00f3n es Av. De la Am\u00e9ricas, Edificio Corporativo TCE 1er piso y tel\u00e9fono de contacto es el 042-169444<\/p>\t\t\t\t\t\t\t\t<\/div>\n\t\t\t\t\t<\/div>\n\t\t\t\t<\/div>\n\t\t<div class=\"elementor-element elementor-element-9b84cfe e-flex e-con-boxed e-con e-parent\" data-id=\"9b84cfe\" data-element_type=\"container\" data-e-type=\"container\">\n\t\t\t\t\t<div class=\"e-con-inner\">\n\t\t\t\t<div class=\"elementor-element elementor-element-7bd22e8 elementor-widget elementor-widget-heading\" data-id=\"7bd22e8\" data-element_type=\"widget\" data-e-type=\"widget\" data-widget_type=\"heading.default\">\n\t\t\t\t\t<h5 class=\"elementor-heading-title elementor-size-default\">2. \u00bfC\u00f3mo obtenemos sus datos?<\/h5>\t\t\t\t<\/div>\n\t\t\t\t<div class=\"elementor-element elementor-element-8afe6ad elementor-widget elementor-widget-text-editor\" data-id=\"8afe6ad\" data-element_type=\"widget\" data-e-type=\"widget\" data-widget_type=\"text-editor.default\">\n\t\t\t\t\t\t\t\t\t<p>Podemos recibir sus datos de estas formas:<\/p><ul><li><strong>Directamente de usted<\/strong>: cuando nos los entrega por cualquier medio.<\/li><li><strong>De la empresa que representa<\/strong>: si act\u00faa como su apoderado, socio, accionista o representante.<\/li><li><strong>Durante la relaci\u00f3n comercial<\/strong>: generados mientras trabajamos juntos.<\/li><li><strong>Fuentes p\u00fablicas<\/strong>: registros oficiales o bases de datos abiertas.<\/li><li><strong>Empresas con las que trabajamos<\/strong>: si hay base legal para ello. Le informaremos en ese caso.<\/li><\/ul><p>Si nos da datos de terceros, usted confirma que cuenta con su autorizaci\u00f3n y que les inform\u00f3 sobre esta pol\u00edtica.<\/p>\t\t\t\t\t\t\t\t<\/div>\n\t\t\t\t\t<\/div>\n\t\t\t\t<\/div>\n\t\t<div class=\"elementor-element elementor-element-2aa0b30 e-flex e-con-boxed e-con e-parent\" data-id=\"2aa0b30\" data-element_type=\"container\" data-e-type=\"container\">\n\t\t\t\t\t<div class=\"e-con-inner\">\n\t\t\t\t<div class=\"elementor-element elementor-element-b5c41b1 elementor-widget elementor-widget-heading\" data-id=\"b5c41b1\" data-element_type=\"widget\" data-e-type=\"widget\" data-widget_type=\"heading.default\">\n\t\t\t\t\t<h5 class=\"elementor-heading-title elementor-size-default\">3. \u00bfQu\u00e9 datos tratamos?<\/h5>\t\t\t\t<\/div>\n\t\t\t\t<div class=\"elementor-element elementor-element-8ebe093 elementor-widget elementor-widget-text-editor\" data-id=\"8ebe093\" data-element_type=\"widget\" data-e-type=\"widget\" data-widget_type=\"text-editor.default\">\n\t\t\t\t\t\t\t\t\t<p>Usaremos solo la informaci\u00f3n necesaria, como:<\/p><ul><li>Datos de identificaci\u00f3n (nombres, apellidos, cedula, foto, placa vehicular, nombramiento de representante legal).<\/li><li>Datos de contacto (tel\u00e9fono, correo electr\u00f3nico, direcci\u00f3n).<\/li><li>Datos de categor\u00eda general (fecha y lugar de nacimiento, edad, nacionalidad, estado civil, placa vehicular) proveniente de la copia de su cedula de identidad y control de despachos.<\/li><li>Informaci\u00f3n financiera (cuentas bancarias,) para la devoluci\u00f3n de retenciones.<\/li><li>Informaci\u00f3n contractual (datos derivados de los servicios contratados, NOMBRAMIENTO).<\/li><li>Im\u00e1genes captadas por el sistema de videovigilancia, cuando ingresa a nuestras dependencias.<\/li><\/ul>\t\t\t\t\t\t\t\t<\/div>\n\t\t\t\t\t<\/div>\n\t\t\t\t<\/div>\n\t\t<div class=\"elementor-element elementor-element-1702069 e-flex e-con-boxed e-con e-parent\" data-id=\"1702069\" data-element_type=\"container\" data-e-type=\"container\">\n\t\t\t\t\t<div class=\"e-con-inner\">\n\t\t\t\t<div class=\"elementor-element elementor-element-a7636ef elementor-widget elementor-widget-heading\" data-id=\"a7636ef\" data-element_type=\"widget\" data-e-type=\"widget\" data-widget_type=\"heading.default\">\n\t\t\t\t\t<h5 class=\"elementor-heading-title elementor-size-default\">4. \u00bfPara qu\u00e9 usamos sus datos?<\/h5>\t\t\t\t<\/div>\n\t\t\t\t<div class=\"elementor-element elementor-element-862525a elementor-widget elementor-widget-text-editor\" data-id=\"862525a\" data-element_type=\"widget\" data-e-type=\"widget\" data-widget_type=\"text-editor.default\">\n\t\t\t\t\t\t\t\t\t<p>Sus datos se usan para:<\/p>\t\t\t\t\t\t\t\t<\/div>\n\t\t\t\t<div class=\"elementor-element elementor-element-05ec001 elementor-widget elementor-widget-text-editor\" data-id=\"05ec001\" data-element_type=\"widget\" data-e-type=\"widget\" data-widget_type=\"text-editor.default\">\n\t\t\t\t\t\t\t\t\t<p><strong>Registros y altas de Clientes, <\/strong>Proceso de recopilaci\u00f3n y almacenamiento inicial de los datos personales y comerciales de un cliente para crear su perfil en los sistemas de la empresa.<\/p><p><strong>Gestionar clientes y operaciones (cobranzas), <\/strong>Actividades para dar seguimiento a las cuentas de los clientes, incluyendo la facturaci\u00f3n pendiente, recordatorios de pago y coordinaci\u00f3n de cobros.<\/p><p><strong>Gesti\u00f3n de Cargas (Registro, control y despacho de carga), <\/strong>Registro y seguimiento de mercanc\u00edas que ingresan o salen, verificando documentaci\u00f3n, controlando su ubicaci\u00f3n y coordinando su env\u00edo o entrega.<\/p><p><strong>An\u00e1lisis interno, Estad\u00edsticas, Contactos con Clientes, <\/strong>Uso de datos para generar reportes, evaluar el desempe\u00f1o de servicios, identificar tendencias y mantener comunicaci\u00f3n con los clientes.<\/p><p>\u00a0<strong>Emitir facturas y comprobantes, <\/strong>Generaci\u00f3n de documentos fiscales y contables que respaldan las transacciones realizadas con los clientes.<\/p><p><strong>Emitir credenciales y permisos aeroportuarios, <\/strong>Creaci\u00f3n y entrega de identificaciones y autorizaciones necesarias para circular o realizar actividades en \u00e1reas restringidas del aeropuerto.<\/p><p><strong>Elaborar contratos y formularios, <\/strong>Redacci\u00f3n y gesti\u00f3n de documentos que formalizan relaciones comerciales, acuerdos y solicitudes de servicio.<\/p><p><strong>Reportar infracciones y gestionar seguridad, <\/strong>Registro y notificaci\u00f3n de incumplimientos o incidentes, as\u00ed como acciones para garantizar el cumplimiento de normas y la protecci\u00f3n de las operaciones.<\/p><p><strong>Seguridad y Control: Acceso a instalaciones y videovigilancia, <\/strong>Supervisi\u00f3n del ingreso a las instalaciones mediante sistemas de control y uso de c\u00e1maras para prevenir incidentes y proteger personas, bienes y las operaciones.<\/p>\t\t\t\t\t\t\t\t<\/div>\n\t\t\t\t\t<\/div>\n\t\t\t\t<\/div>\n\t\t<div class=\"elementor-element elementor-element-c957e85 e-con-full e-flex e-con e-parent\" data-id=\"c957e85\" data-element_type=\"container\" data-e-type=\"container\">\n\t\t\t\t<div class=\"elementor-element elementor-element-35514bc elementor-widget elementor-widget-heading\" data-id=\"35514bc\" data-element_type=\"widget\" data-e-type=\"widget\" data-widget_type=\"heading.default\">\n\t\t\t\t\t<h5 class=\"elementor-heading-title elementor-size-default\">5. Base legal para el tratamiento<\/h5>\t\t\t\t<\/div>\n\t\t\t\t<div class=\"elementor-element elementor-element-92d7634 elementor-widget elementor-widget-text-editor\" data-id=\"92d7634\" data-element_type=\"widget\" data-e-type=\"widget\" data-widget_type=\"text-editor.default\">\n\t\t\t\t\t\t\t\t\t<p>Tratamos sus datos porque:<\/p><ul><li>Usted nos dio su <strong>consentimiento<\/strong>, al entregarnos su informaci\u00f3n.<\/li><li>Es necesario para <strong>cumplir un contrato<\/strong>.<\/li><li>Existe un <strong>inter\u00e9s leg\u00edtimo<\/strong> del Terminal de Cargas del Ecuador, como asegurar el buen funcionamiento de la relaci\u00f3n comercial.<\/li><li>Debemos <strong>cumplir obligaciones legales<\/strong>.<\/li><\/ul>\t\t\t\t\t\t\t\t<\/div>\n\t\t\t\t<\/div>\n\t\t<div class=\"elementor-element elementor-element-3016194 e-flex e-con-boxed e-con e-parent\" data-id=\"3016194\" data-element_type=\"container\" data-e-type=\"container\">\n\t\t\t\t\t<div class=\"e-con-inner\">\n\t\t\t\t<div class=\"elementor-element elementor-element-0df2f5e elementor-widget elementor-widget-heading\" data-id=\"0df2f5e\" data-element_type=\"widget\" data-e-type=\"widget\" data-widget_type=\"heading.default\">\n\t\t\t\t\t<h5 class=\"elementor-heading-title elementor-size-default\">6. \u00bfCon qui\u00e9n compartimos sus datos?<\/h5>\t\t\t\t<\/div>\n\t\t\t\t<div class=\"elementor-element elementor-element-d3a73d6 elementor-widget elementor-widget-text-editor\" data-id=\"d3a73d6\" data-element_type=\"widget\" data-e-type=\"widget\" data-widget_type=\"text-editor.default\">\n\t\t\t\t\t\t\t\t\t<p>Podemos compartirlos solo si:<\/p><ul><li>La ley lo exige.<\/li><li>Es necesario para cumplir el contrato Y gesti\u00f3n de los servicios contratados<\/li><li>Usted nos autoriz\u00f3.<\/li><\/ul><p>Los posibles destinatarios son:<\/p><ul><li>Otras \u00e1reas internas para el cumplimiento del contrato y gestionar los servicios<\/li><li>Entidades p\u00fablicas y organismos de control.<\/li><li>Auditores externos.<\/li><li>Empresas de tecnolog\u00eda, mensajer\u00eda, seguridad, transportes medios de pago, asesor\u00eda legal y tributaria, entre otros.<\/li><\/ul><p>Si sus datos salen del Ecuador, cumpliremos con la normativa vigente para protegerlos.<\/p>\t\t\t\t\t\t\t\t<\/div>\n\t\t\t\t\t<\/div>\n\t\t\t\t<\/div>\n\t\t<div class=\"elementor-element elementor-element-e75a823 e-flex e-con-boxed e-con e-parent\" data-id=\"e75a823\" data-element_type=\"container\" data-e-type=\"container\">\n\t\t\t\t\t<div class=\"e-con-inner\">\n\t\t\t\t<div class=\"elementor-element elementor-element-793f077 elementor-widget elementor-widget-heading\" data-id=\"793f077\" data-element_type=\"widget\" data-e-type=\"widget\" data-widget_type=\"heading.default\">\n\t\t\t\t\t<h5 class=\"elementor-heading-title elementor-size-default\">7. Sus derechos como titular<\/h5>\t\t\t\t<\/div>\n\t\t\t\t<div class=\"elementor-element elementor-element-7dddd1f elementor-widget elementor-widget-text-editor\" data-id=\"7dddd1f\" data-element_type=\"widget\" data-e-type=\"widget\" data-widget_type=\"text-editor.default\">\n\t\t\t\t\t\t\t\t\t<p>Usted puede:<\/p><ul><li>Acceder a sus datos.<\/li><li>Rectificarlos o actualizarlos.<\/li><li>Eliminarlos, en los casos que la ley permite.<\/li><li>Oponerse a ciertos usos (por ejemplo, publicidad).<\/li><li>Suspender su tratamiento por un tiempo.<\/li><li>Solicitar la portabilidad a otro proveedor.<\/li><li>Pedir que no se tomen decisiones autom\u00e1ticas que le afecten.<\/li><li>Revocar su consentimiento en cualquier momento.<\/li><li><strong>Derecho a presentar una reclamaci\u00f3n:<\/strong> Ante la Super Intendencia de Protecci\u00f3n de Datos Personales <a href=\"http:\/\/www.spdp.gob.ec\">www.spdp.gob.ec<\/a> si considera que el tratamiento de datos personales infringe la LOPDP.<\/li><\/ul><p>Para ejercer estos derechos, los titulares de los datos podr\u00e1n presentar su solicitud, esta se encuentra disponible para descarga en <a href=\"http:\/\/www.tce.aero\">www.tce.aero<\/a> , a trav\u00e9s de los siguientes canales:<\/p><ul><li><strong>Correo electr\u00f3nico: <\/strong><a href=\"mailto:dpo@tce.aero\">dpo@tce.aero<\/a><\/li><li><strong>Ingreso de Solicitud\/formulario: <\/strong>f\u00edsico en oficinas<\/li><\/ul><p><strong>7.1 Requisitos para la solicitud<\/strong>:<\/p><ul><li>Identificaci\u00f3n del titular (copia de c\u00e9dula o pasaporte)<\/li><li>Descripci\u00f3n clara del derecho que desea ejercer<\/li><li>En caso de representaci\u00f3n, documento que acredite la legitimidad<\/li><\/ul><p><strong>7.2 Plazo de respuesta<\/strong>:<\/p><p>Recibida la solicitud completa, se atender\u00e1 dentro del plazo m\u00e1ximo de\u00a0<strong>15 d\u00edas h\u00e1biles<\/strong>\u00a0establecido por la Ley Org\u00e1nica de Protecci\u00f3n de Datos Personales.<\/p><p><strong>Nota<\/strong>: Para garantizar la seguridad de sus datos personales, todas las solicitudes ser\u00e1n verificadas antes de proceder con su tr\u00e1mite.<\/p>\t\t\t\t\t\t\t\t<\/div>\n\t\t\t\t\t<\/div>\n\t\t\t\t<\/div>\n\t\t<div class=\"elementor-element elementor-element-23ff3da e-flex e-con-boxed e-con e-parent\" data-id=\"23ff3da\" data-element_type=\"container\" data-e-type=\"container\">\n\t\t\t\t\t<div class=\"e-con-inner\">\n\t\t\t\t<div class=\"elementor-element elementor-element-84e01f4 elementor-widget elementor-widget-heading\" data-id=\"84e01f4\" data-element_type=\"widget\" data-e-type=\"widget\" data-widget_type=\"heading.default\">\n\t\t\t\t\t<h5 class=\"elementor-heading-title elementor-size-default\">8. \u00bfC\u00f3mo protegemos sus datos?<\/h5>\t\t\t\t<\/div>\n\t\t\t\t<div class=\"elementor-element elementor-element-732afda elementor-widget elementor-widget-text-editor\" data-id=\"732afda\" data-element_type=\"widget\" data-e-type=\"widget\" data-widget_type=\"text-editor.default\">\n\t\t\t\t\t\t\t\t\t<p>Aplicamos medidas t\u00e9cnicas, organizativas y legales para mantener la <strong>confidencialidad, integridad y disponibilidad<\/strong> de su informaci\u00f3n incluyendo:<\/p><ol><li><strong>Control de acceso restringido<\/strong> a los datos recopilados.<\/li><li><strong>Cifrado y almacenamiento seguro<\/strong>.<\/li><li><strong>Pol\u00edticas de retenci\u00f3n y eliminaci\u00f3n<\/strong> conforme a la normativa aplicable.<\/li><li><strong>Acuerdos de confidencialidad <\/strong>con el personal involucrado en el tratamiento<\/li><\/ol><p style=\"padding-left: 40px;\">Aunque trabajamos para garantizar la seguridad, ning\u00fan sistema es 100% infalible.<\/p>\t\t\t\t\t\t\t\t<\/div>\n\t\t\t\t\t<\/div>\n\t\t\t\t<\/div>\n\t\t<div class=\"elementor-element elementor-element-bb6befd e-flex e-con-boxed e-con e-parent\" data-id=\"bb6befd\" data-element_type=\"container\" data-e-type=\"container\">\n\t\t\t\t\t<div class=\"e-con-inner\">\n\t\t\t\t<div class=\"elementor-element elementor-element-cf4625c elementor-widget elementor-widget-heading\" data-id=\"cf4625c\" data-element_type=\"widget\" data-e-type=\"widget\" data-widget_type=\"heading.default\">\n\t\t\t\t\t<h5 class=\"elementor-heading-title elementor-size-default\">9. Tiempo de conservaci\u00f3n<\/h5>\t\t\t\t<\/div>\n\t\t\t\t<div class=\"elementor-element elementor-element-23c5bf0 elementor-widget elementor-widget-text-editor\" data-id=\"23c5bf0\" data-element_type=\"widget\" data-e-type=\"widget\" data-widget_type=\"text-editor.default\">\n\t\t\t\t\t\t\t\t\t<p>Guardamos sus datos mientras dure nuestra relaci\u00f3n y hasta <strong>7 a\u00f1os despu\u00e9s<\/strong>, para cumplir obligaciones legales. Luego, los eliminaremos o anonimizaremos.<\/p>\t\t\t\t\t\t\t\t<\/div>\n\t\t\t\t\t<\/div>\n\t\t\t\t<\/div>\n\t\t<div class=\"elementor-element elementor-element-9b9e7b0 e-flex e-con-boxed e-con e-parent\" data-id=\"9b9e7b0\" data-element_type=\"container\" data-e-type=\"container\">\n\t\t\t\t\t<div class=\"e-con-inner\">\n\t\t\t\t<div class=\"elementor-element elementor-element-cf781b9 elementor-widget elementor-widget-heading\" data-id=\"cf781b9\" data-element_type=\"widget\" data-e-type=\"widget\" data-widget_type=\"heading.default\">\n\t\t\t\t\t<h5 class=\"elementor-heading-title elementor-size-default\">10. Actualizaci\u00f3n del Aviso de Privacidad<\/h5>\t\t\t\t<\/div>\n\t\t\t\t<div class=\"elementor-element elementor-element-fdae128 elementor-widget elementor-widget-text-editor\" data-id=\"fdae128\" data-element_type=\"widget\" data-e-type=\"widget\" data-widget_type=\"text-editor.default\">\n\t\t\t\t\t\t\t\t\t<p>Este Aviso de Privacidad podr\u00e1 ser actualizado en cualquier momento para reflejar cambios en nuestras pr\u00e1cticas de tratamiento de datos personales o en la normativa aplicable. La versi\u00f3n m\u00e1s reciente estar\u00e1 disponible en nuestra p\u00e1gina web <a href=\"http:\/\/www.tce.aero\">www.tce.aero<\/a> y en nuestras instalaciones.<\/p>\t\t\t\t\t\t\t\t<\/div>\n\t\t\t\t\t<\/div>\n\t\t\t\t<\/div>\n\t\t<div class=\"elementor-element elementor-element-e339f77 e-flex e-con-boxed e-con e-parent\" data-id=\"e339f77\" data-element_type=\"container\" data-e-type=\"container\">\n\t\t\t\t\t<div class=\"e-con-inner\">\n\t\t\t\t<div class=\"elementor-element elementor-element-c046d7f elementor-widget elementor-widget-heading\" data-id=\"c046d7f\" data-element_type=\"widget\" data-e-type=\"widget\" data-widget_type=\"heading.default\">\n\t\t\t\t\t<h5 class=\"elementor-heading-title elementor-size-default\">11. Contacto<\/h5>\t\t\t\t<\/div>\n\t\t\t\t<div class=\"elementor-element elementor-element-c5587ef elementor-widget elementor-widget-text-editor\" data-id=\"c5587ef\" data-element_type=\"widget\" data-e-type=\"widget\" data-widget_type=\"text-editor.default\">\n\t\t\t\t\t\t\t\t\t<p>Para cualquier duda o consulta sobre este Aviso de Privacidad, los interesados pueden contactar con el Delegado de Protecci\u00f3n de Datos (DPO) del Terminal de Cargas del Ecuador:<\/p><ul><li><strong>Correo Electr\u00f3nico:<\/strong> dpo@tce.aero<\/li><li><strong>Tel\u00e9fono:<\/strong> 042-169444<\/li><li><strong>Direcci\u00f3n:<\/strong> Av. De las Am\u00e9ricas Edificio Corporativo 1er. piso<\/li><\/ul>\t\t\t\t\t\t\t\t<\/div>\n\t\t\t\t\t<\/div>\n\t\t\t\t<\/div>\n\t\t<div class=\"elementor-element elementor-element-d5cf6d4 e-flex e-con-boxed e-con e-parent\" data-id=\"d5cf6d4\" data-element_type=\"container\" data-e-type=\"container\">\n\t\t\t\t\t<div class=\"e-con-inner\">\n\t\t\t\t<div class=\"elementor-element elementor-element-a164837 elementor-widget elementor-widget-heading\" data-id=\"a164837\" data-element_type=\"widget\" data-e-type=\"widget\" data-widget_type=\"heading.default\">\n\t\t\t\t\t<h5 class=\"elementor-heading-title elementor-size-default\">12. Control de cambios<\/h5>\t\t\t\t<\/div>\n\t\t\t\t<div class=\"elementor-element elementor-element-f1b9bf2 elementor-widget elementor-widget-text-editor\" data-id=\"f1b9bf2\" data-element_type=\"widget\" data-e-type=\"widget\" data-widget_type=\"text-editor.default\">\n\t\t\t\t\t\t\t\t\t<table style=\"width:100%; border-collapse: collapse;\" border=\"1\">\n  <thead>\n    <tr>\n      <th style=\"padding: 8px; background-color:#f2f2f2;\">FECHA<\/th>\n      <th style=\"padding: 8px; background-color:#f2f2f2;\">REVISI\u00d3N<\/th>\n      <th style=\"padding: 8px; background-color:#f2f2f2;\">DESCRIPCI\u00d3N DEL CAMBIO<\/th>\n    <\/tr>\n  <\/thead>\n  <tbody>\n    <tr>\n      <td style=\"padding: 8px;\">xxxxxxx<\/td>\n      <td style=\"padding: 8px;\">0<\/td>\n      <td style=\"padding: 8px;\">Creaci\u00f3n de la pol\u00edtica.<\/td>\n    <\/tr>\n  <\/tbody>\n<\/table>\n\t\t\t\t\t\t\t\t<\/div>\n\t\t\t\t\t<\/div>\n\t\t\t\t<\/div>\n\t\t\t\t<\/div>\n\t\t","protected":false},"excerpt":{"rendered":"<p>28\/11\/25 Aviso de Privacidad para el Tratamiento de Datos Personales de los Clientes En cumplimiento de la Ley Org\u00e1nica de Protecci\u00f3n de Datos Personales (LOPDP), Terminal de Cargas del Ecuador S.A., informa a sus clientes sobre el uso y protecci\u00f3n de sus datos personales, de acuerdo con las siguientes disposiciones: 1. \u00bfQui\u00e9n es responsable de&#8230;<\/p>\n","protected":false},"author":1,"featured_media":0,"parent":0,"menu_order":0,"comment_status":"closed","ping_status":"closed","template":"","meta":{"footnotes":""},"class_list":["post-2046","page","type-page","status-publish","hentry","page--item"],"_links":{"self":[{"href":"https:\/\/tce.aero\/index.php?rest_route=\/wp\/v2\/pages\/2046","targetHints":{"allow":["GET"]}}],"collection":[{"href":"https:\/\/tce.aero\/index.php?rest_route=\/wp\/v2\/pages"}],"about":[{"href":"https:\/\/tce.aero\/index.php?rest_route=\/wp\/v2\/types\/page"}],"author":[{"embeddable":true,"href":"https:\/\/tce.aero\/index.php?rest_route=\/wp\/v2\/users\/1"}],"replies":[{"embeddable":true,"href":"https:\/\/tce.aero\/index.php?rest_route=%2Fwp%2Fv2%2Fcomments&post=2046"}],"version-history":[{"count":16,"href":"https:\/\/tce.aero\/index.php?rest_route=\/wp\/v2\/pages\/2046\/revisions"}],"predecessor-version":[{"id":2147,"href":"https:\/\/tce.aero\/index.php?rest_route=\/wp\/v2\/pages\/2046\/revisions\/2147"}],"wp:attachment":[{"href":"https:\/\/tce.aero\/index.php?rest_route=%2Fwp%2Fv2%2Fmedia&parent=2046"}],"curies":[{"name":"wp","href":"https:\/\/api.w.org\/{rel}","templated":true}]}}