{"id":2060,"date":"2025-11-28T20:12:05","date_gmt":"2025-11-28T20:12:05","guid":{"rendered":"https:\/\/tce.aero\/?page_id=2060"},"modified":"2025-11-28T22:53:56","modified_gmt":"2025-11-28T22:53:56","slug":"politica-de-tratamiento-de-datos-personales-obtenidos-por-videocamaras","status":"publish","type":"page","link":"https:\/\/tce.aero\/?page_id=2060","title":{"rendered":"Aviso de privacidad para el tratamiento de datos personales obtenidos por videocamaras"},"content":{"rendered":"\t\t<div data-elementor-type=\"wp-page\" data-elementor-id=\"2060\" class=\"elementor elementor-2060\" data-elementor-post-type=\"page\">\n\t\t\t\t<div class=\"elementor-element elementor-element-8de9038 e-flex e-con-boxed e-con e-parent\" data-id=\"8de9038\" data-element_type=\"container\" data-e-type=\"container\">\n\t\t\t\t\t<div class=\"e-con-inner\">\n\t\t\t\t<div class=\"elementor-element elementor-element-2b8c030 elementor-widget elementor-widget-heading\" data-id=\"2b8c030\" data-element_type=\"widget\" data-e-type=\"widget\" data-widget_type=\"heading.default\">\n\t\t\t\t\t<h6 class=\"elementor-heading-title elementor-size-default\">11\/11\/25<\/h6>\t\t\t\t<\/div>\n\t\t\t\t<div class=\"elementor-element elementor-element-26b5afb elementor-widget elementor-widget-heading\" data-id=\"26b5afb\" data-element_type=\"widget\" data-e-type=\"widget\" data-widget_type=\"heading.default\">\n\t\t\t\t\t<h4 class=\"elementor-heading-title elementor-size-default\">Aviso de Privacidad para el Tratamiento de Datos Personales  Obtenidos por Videoc\u00e1maras<\/h4>\t\t\t\t<\/div>\n\t\t\t\t\t<\/div>\n\t\t\t\t<\/div>\n\t\t<div class=\"elementor-element elementor-element-882d615 e-flex e-con-boxed e-con e-parent\" data-id=\"882d615\" data-element_type=\"container\" data-e-type=\"container\">\n\t\t\t\t\t<div class=\"e-con-inner\">\n\t\t\t\t<div class=\"elementor-element elementor-element-2731656 elementor-widget elementor-widget-heading\" data-id=\"2731656\" data-element_type=\"widget\" data-e-type=\"widget\" data-widget_type=\"heading.default\">\n\t\t\t\t\t<h5 class=\"elementor-heading-title elementor-size-default\">1. Introducci\u00f3n<\/h5>\t\t\t\t<\/div>\n\t\t\r\n\t\t<div class=\"elementor-element elementor-element-b4fbba5 elementor-widget elementor-widget-text-editor\" data-id=\"b4fbba5\" data-element_type=\"widget\" data-e-type=\"widget\" data-widget_type=\"text-editor.default\">\n\t\t\t\t\t\t\t\t\t<p>Terminal de Cargas del Ecuador (en adelante, &amp;quot;la Empresa&amp;quot;) informa a todos los visitantes, clientes, empleados y contratistas que, en cumplimiento con la Ley Org\u00e1nica de Protecci\u00f3n de Datos Personales del Ecuador (LOPDP) y dem\u00e1s normativa aplicable, se realiza la captura y el tratamiento de datos personales a trav\u00e9s de sistemas de videovigilancia.<\/p>\t\t\t\t\t\t\t\t<\/div>\n\t\t\t\t\t<\/div>\n\t\t\t\t<\/div>\n\t\t<div class=\"elementor-element elementor-element-9b84cfe e-flex e-con-boxed e-con e-parent\" data-id=\"9b84cfe\" data-element_type=\"container\" data-e-type=\"container\">\n\t\t\t\t\t<div class=\"e-con-inner\">\n\t\t\t\t<div class=\"elementor-element elementor-element-7bd22e8 elementor-widget elementor-widget-heading\" data-id=\"7bd22e8\" data-element_type=\"widget\" data-e-type=\"widget\" data-widget_type=\"heading.default\">\n\t\t\t\t\t<h5 class=\"elementor-heading-title elementor-size-default\">2. Responsable del Tratamiento<\/h5>\t\t\t\t<\/div>\n\t\t\t\t<div class=\"elementor-element elementor-element-8afe6ad elementor-widget elementor-widget-text-editor\" data-id=\"8afe6ad\" data-element_type=\"widget\" data-e-type=\"widget\" data-widget_type=\"text-editor.default\">\n\t\t\t\t\t\t\t\t\t<ul><li><strong>Nombre del Responsable:<\/strong>\u00a0Terminal de Cargas del Ecuador<\/li><li><strong>Domicilio:<\/strong>\u00a0Av. De las Am\u00e9ricas, Edificio Corporativo TCE 1er piso<\/li><li><strong>Correo Electr\u00f3nico de Contacto:<\/strong>\u00a0<a href=\"mailto:dpo@tce.aero\">dpo@tce.aero<\/a><\/li><li><strong>Tel\u00e9fono de Contacto:<\/strong>\u00a0042-169444<\/li><\/ul>\t\t\t\t\t\t\t\t<\/div>\n\t\t\t\t\t<\/div>\n\t\t\t\t<\/div>\n\t\t<div class=\"elementor-element elementor-element-2aa0b30 e-flex e-con-boxed e-con e-parent\" data-id=\"2aa0b30\" data-element_type=\"container\" data-e-type=\"container\">\n\t\t\t\t\t<div class=\"e-con-inner\">\n\t\t\t\t<div class=\"elementor-element elementor-element-b5c41b1 elementor-widget elementor-widget-heading\" data-id=\"b5c41b1\" data-element_type=\"widget\" data-e-type=\"widget\" data-widget_type=\"heading.default\">\n\t\t\t\t\t<h5 class=\"elementor-heading-title elementor-size-default\">3. Finalidad del Tratamiento<\/h5>\t\t\t\t<\/div>\n\t\t\t\t<div class=\"elementor-element elementor-element-8ebe093 elementor-widget elementor-widget-text-editor\" data-id=\"8ebe093\" data-element_type=\"widget\" data-e-type=\"widget\" data-widget_type=\"text-editor.default\">\n\t\t\t\t\t\t\t\t\t<p>La finalidad de la recopilaci\u00f3n de datos personales para el ingreso de a las instalaciones del Terminal de Cargas del Ecuador es:<\/p><ol><li>Garantizar la seguridad de los empleados, clientes, visitantes y contratistas.<\/li><li>Proteger los bienes y activos de la Empresa.<\/li><li>Controlar el acceso a las instalaciones.<\/li><li>Monitorear y prevenir actos delictivos o conductas indebidas.<\/li><li>Realizar la trazabilidad de la carga.<\/li><\/ol>\t\t\t\t\t\t\t\t<\/div>\n\t\t\t\t\t<\/div>\n\t\t\t\t<\/div>\n\t\t<div class=\"elementor-element elementor-element-1702069 e-flex e-con-boxed e-con e-parent\" data-id=\"1702069\" data-element_type=\"container\" data-e-type=\"container\">\n\t\t\t\t\t<div class=\"e-con-inner\">\n\t\t\t\t<div class=\"elementor-element elementor-element-a7636ef elementor-widget elementor-widget-heading\" data-id=\"a7636ef\" data-element_type=\"widget\" data-e-type=\"widget\" data-widget_type=\"heading.default\">\n\t\t\t\t\t<h5 class=\"elementor-heading-title elementor-size-default\">4. Base Legal para el Tratamiento<\/h5>\t\t\t\t<\/div>\n\t\t\t\t<div class=\"elementor-element elementor-element-05ec001 elementor-widget elementor-widget-text-editor\" data-id=\"05ec001\" data-element_type=\"widget\" data-e-type=\"widget\" data-widget_type=\"text-editor.default\">\n\t\t\t\t\t\t\t\t\t<p>El tratamiento de datos personales mediante videovigilancia se basa en los siguientes fundamentos legales:<\/p><ol><li><strong>Inter\u00e9s leg\u00edtimo del Responsable del Tratamiento:<\/strong>\u00a0Para garantizar la seguridad y protecci\u00f3n de personas y bienes en nuestras instalaciones.<\/li><li><strong>Cumplimiento de una misi\u00f3n realizada en inter\u00e9s p\u00fablico:<\/strong>\u00a0En casos espec\u00edficos en los que la videovigilancia sea necesaria para la prevenci\u00f3n de delitos.<\/li><\/ol>\t\t\t\t\t\t\t\t<\/div>\n\t\t\t\t\t<\/div>\n\t\t\t\t<\/div>\n\t\t<div class=\"elementor-element elementor-element-c957e85 e-con-full e-flex e-con e-parent\" data-id=\"c957e85\" data-element_type=\"container\" data-e-type=\"container\">\n\t\t\t\t<div class=\"elementor-element elementor-element-35514bc elementor-widget elementor-widget-heading\" data-id=\"35514bc\" data-element_type=\"widget\" data-e-type=\"widget\" data-widget_type=\"heading.default\">\n\t\t\t\t\t<h5 class=\"elementor-heading-title elementor-size-default\">5. \u00c1mbito de Aplicaci\u00f3n y Ubicaci\u00f3n de las C\u00e1maras<\/h5>\t\t\t\t<\/div>\n\t\t\t\t<div class=\"elementor-element elementor-element-92d7634 elementor-widget elementor-widget-text-editor\" data-id=\"92d7634\" data-element_type=\"widget\" data-e-type=\"widget\" data-widget_type=\"text-editor.default\">\n\t\t\t\t\t\t\t\t\t<p>Las c\u00e1maras de videovigilancia est\u00e1n instaladas en las siguientes \u00e1reas:<\/p><ol><li>Entradas y salidas del edificio.<\/li><li>\u00c1reas de recepci\u00f3n y atenci\u00f3n al cliente.<\/li><li>Pasillos y zonas p\u00fablicas comunes.<\/li><li>Area de Bodegas.<\/li><li>\u00c1reas perimetrales<\/li><li>Casilleros,<\/li><li>Estacionamientos y per\u00edmetro exterior de las instalaciones.<\/li><\/ol>\t\t\t\t\t\t\t\t<\/div>\n\t\t\t\t<\/div>\n\t\t<div class=\"elementor-element elementor-element-3016194 e-flex e-con-boxed e-con e-parent\" data-id=\"3016194\" data-element_type=\"container\" data-e-type=\"container\">\n\t\t\t\t\t<div class=\"e-con-inner\">\n\t\t\t\t<div class=\"elementor-element elementor-element-0df2f5e elementor-widget elementor-widget-heading\" data-id=\"0df2f5e\" data-element_type=\"widget\" data-e-type=\"widget\" data-widget_type=\"heading.default\">\n\t\t\t\t\t<h5 class=\"elementor-heading-title elementor-size-default\">6. Derechos de los Interesados<\/h5>\t\t\t\t<\/div>\n\t\t\t\t<div class=\"elementor-element elementor-element-d3a73d6 elementor-widget elementor-widget-text-editor\" data-id=\"d3a73d6\" data-element_type=\"widget\" data-e-type=\"widget\" data-widget_type=\"text-editor.default\">\n\t\t\t\t\t\t\t\t\t<p>De acuerdo con la LOPDP, los interesados tienen los siguientes derechos en relaci\u00f3n con sus datos personales captados por las videoc\u00e1maras:<\/p><ol><li><strong>Derecho de Acceso:<\/strong>\u00a0Solicitar confirmaci\u00f3n sobre si se est\u00e1n tratando datos personales y acceder a las im\u00e1genes captadas.<\/li><li><strong>Derecho de Supresi\u00f3n:<\/strong>\u00a0Solicitar la eliminaci\u00f3n de los datos personales en circunstancias espec\u00edficas, siempre y cuando no afecte el derecho de otros.<\/li><li><strong>Derecho a la Limitaci\u00f3n del Tratamiento:<\/strong>\u00a0Solicitar la restricci\u00f3n del tratamiento de datos personales en ciertas condiciones.<\/li><li><strong>Derecho a presentar una reclamaci\u00f3n:<\/strong>\u00a0Ante la Super Intendencia de Protecci\u00f3n de Datos Personales\u00a0<a href=\"http:\/\/www.spdp.gob.ec\/\">www.spdp.gob.ec<\/a>\u00a0si considera que el tratamiento de datos personales infringe la LOPDP.<\/li><\/ol><p>Para ejercer estos derechos, los titulares de los datos podr\u00e1n presentar su solicitud, esta se encuentra disponible para descarga en\u00a0<a href=\"http:\/\/www.tce.aero\/\">www.tce.aero<\/a>\u00a0, a trav\u00e9s de los siguientes canales:<\/p><ul><li><strong>Correo electr\u00f3nico:\u00a0<\/strong><a href=\"mailto:dpo@tce.aero\">dpo@tce.aero<\/a><\/li><li><strong>Ingreso de Solicitud\/formulario:\u00a0<\/strong>f\u00edsico en oficinas.<\/li><\/ul>\t\t\t\t\t\t\t\t<\/div>\n\t\t\t\t\t<\/div>\n\t\t\t\t<\/div>\n\t\t<div class=\"elementor-element elementor-element-e75a823 e-flex e-con-boxed e-con e-parent\" data-id=\"e75a823\" data-element_type=\"container\" data-e-type=\"container\">\n\t\t\t\t\t<div class=\"e-con-inner\">\n\t\t\t\t<div class=\"elementor-element elementor-element-793f077 elementor-widget elementor-widget-heading\" data-id=\"793f077\" data-element_type=\"widget\" data-e-type=\"widget\" data-widget_type=\"heading.default\">\n\t\t\t\t\t<h5 class=\"elementor-heading-title elementor-size-default\">7. Conservaci\u00f3n de las Im\u00e1genes<\/h5>\t\t\t\t<\/div>\n\t\t\t\t<div class=\"elementor-element elementor-element-7dddd1f elementor-widget elementor-widget-text-editor\" data-id=\"7dddd1f\" data-element_type=\"widget\" data-e-type=\"widget\" data-widget_type=\"text-editor.default\">\n\t\t\t\t\t\t\t\t\t<p>Las im\u00e1genes captadas por las videoc\u00e1maras se conservar\u00e1n durante un per\u00edodo m\u00e1ximo de 80 d\u00edas, luego de estas se sobre escribir\u00e1 en el sistema, salvo que se necesiten para la investigaci\u00f3n de incidentes espec\u00edficos, en cuyo caso se conservar\u00e1n hasta la resoluci\u00f3n definitiva del incidente.<\/p>\t\t\t\t\t\t\t\t<\/div>\n\t\t\t\t\t<\/div>\n\t\t\t\t<\/div>\n\t\t<div class=\"elementor-element elementor-element-23ff3da e-flex e-con-boxed e-con e-parent\" data-id=\"23ff3da\" data-element_type=\"container\" data-e-type=\"container\">\n\t\t\t\t\t<div class=\"e-con-inner\">\n\t\t\t\t<div class=\"elementor-element elementor-element-84e01f4 elementor-widget elementor-widget-heading\" data-id=\"84e01f4\" data-element_type=\"widget\" data-e-type=\"widget\" data-widget_type=\"heading.default\">\n\t\t\t\t\t<h5 class=\"elementor-heading-title elementor-size-default\">8. Medidas de Seguridad<\/h5>\t\t\t\t<\/div>\n\t\t\t\t<div class=\"elementor-element elementor-element-732afda elementor-widget elementor-widget-text-editor\" data-id=\"732afda\" data-element_type=\"widget\" data-e-type=\"widget\" data-widget_type=\"text-editor.default\">\n\t\t\t\t\t\t\t\t\t<p>La Empresa ha implementado medidas t\u00e9cnicas y organizativas adecuadas para garantizar la seguridad de los datos personales tratados a trav\u00e9s de sistemas de videovigilancia, incluyendo:<\/p><ol><li><strong>Control de acceso restringido<\/strong>\u00a0a las im\u00e1genes captadas.<\/li><li><strong>Cifrado y almacenamiento seguro<\/strong>\u00a0de las im\u00e1genes.<\/li><li><strong>Pol\u00edticas de retenci\u00f3n y eliminaci\u00f3n<\/strong>\u00a0de im\u00e1genes conforme a la normativa aplicable.<\/li><li><strong>Acuerdos de confidencialidad\u00a0<\/strong>con el personal involucrado en el tratamiento<\/li><\/ol><p>Aunque trabajamos para garantizar la seguridad, ning\u00fan sistema es 100% infalible.<\/p>\t\t\t\t\t\t\t\t<\/div>\n\t\t\t\t\t<\/div>\n\t\t\t\t<\/div>\n\t\t<div class=\"elementor-element elementor-element-bb6befd e-flex e-con-boxed e-con e-parent\" data-id=\"bb6befd\" data-element_type=\"container\" data-e-type=\"container\">\n\t\t\t\t\t<div class=\"e-con-inner\">\n\t\t\t\t<div class=\"elementor-element elementor-element-cf4625c elementor-widget elementor-widget-heading\" data-id=\"cf4625c\" data-element_type=\"widget\" data-e-type=\"widget\" data-widget_type=\"heading.default\">\n\t\t\t\t\t<h5 class=\"elementor-heading-title elementor-size-default\">9. Transferencias de Datos<\/h5>\t\t\t\t<\/div>\n\t\t\t\t<div class=\"elementor-element elementor-element-23c5bf0 elementor-widget elementor-widget-text-editor\" data-id=\"23c5bf0\" data-element_type=\"widget\" data-e-type=\"widget\" data-widget_type=\"text-editor.default\">\n\t\t\t\t\t\t\t\t\t<p>Las im\u00e1genes captadas no son transferidas internacionalmente ni ser\u00e1n transferidas a terceros, salvo en los siguientes casos:<\/p><ol><li><strong>Solicitud de clientes\u00a0<\/strong>para el rastreo y trazabilidad de su carga.<\/li><li><strong>Autoridades competentes<\/strong>\u00a0en cumplimiento de obligaciones legales.<\/li><li><strong>Proveedores de servicios de seguridad<\/strong>\u00a0contratados por la Empresa, quienes tratar\u00e1n los datos bajo estrictas cl\u00e1usulas de confidencialidad y seguridad.<\/li><\/ol>\t\t\t\t\t\t\t\t<\/div>\n\t\t\t\t\t<\/div>\n\t\t\t\t<\/div>\n\t\t<div class=\"elementor-element elementor-element-9b9e7b0 e-flex e-con-boxed e-con e-parent\" data-id=\"9b9e7b0\" data-element_type=\"container\" data-e-type=\"container\">\n\t\t\t\t\t<div class=\"e-con-inner\">\n\t\t\t\t<div class=\"elementor-element elementor-element-cf781b9 elementor-widget elementor-widget-heading\" data-id=\"cf781b9\" data-element_type=\"widget\" data-e-type=\"widget\" data-widget_type=\"heading.default\">\n\t\t\t\t\t<h5 class=\"elementor-heading-title elementor-size-default\">10. Actualizaci\u00f3n del Aviso de Privacidad<\/h5>\t\t\t\t<\/div>\n\t\t\t\t<div class=\"elementor-element elementor-element-fdae128 elementor-widget elementor-widget-text-editor\" data-id=\"fdae128\" data-element_type=\"widget\" data-e-type=\"widget\" data-widget_type=\"text-editor.default\">\n\t\t\t\t\t\t\t\t\t<p>Este Aviso de Privacidad podr\u00e1 ser actualizado en cualquier momento para reflejar cambios en nuestras pr\u00e1cticas de tratamiento de datos personales o en la normativa aplicable. La versi\u00f3n m\u00e1s reciente estar\u00e1 disponible en nuestra p\u00e1gina web <a href=\"http:\/\/www.tce.aero\">www.tce.aero<\/a> y en nuestras instalaciones.<\/p>\t\t\t\t\t\t\t\t<\/div>\n\t\t\t\t\t<\/div>\n\t\t\t\t<\/div>\n\t\t<div class=\"elementor-element elementor-element-e339f77 e-flex e-con-boxed e-con e-parent\" data-id=\"e339f77\" data-element_type=\"container\" data-e-type=\"container\">\n\t\t\t\t\t<div class=\"e-con-inner\">\n\t\t\t\t<div class=\"elementor-element elementor-element-c046d7f elementor-widget elementor-widget-heading\" data-id=\"c046d7f\" data-element_type=\"widget\" data-e-type=\"widget\" data-widget_type=\"heading.default\">\n\t\t\t\t\t<h5 class=\"elementor-heading-title elementor-size-default\">11. Contacto<\/h5>\t\t\t\t<\/div>\n\t\t\t\t<div class=\"elementor-element elementor-element-c5587ef elementor-widget elementor-widget-text-editor\" data-id=\"c5587ef\" data-element_type=\"widget\" data-e-type=\"widget\" data-widget_type=\"text-editor.default\">\n\t\t\t\t\t\t\t\t\t<p>Para cualquier duda o consulta sobre este Aviso de Privacidad, los interesados pueden contactar con el Delegado de Protecci\u00f3n de Datos (DPO) del Terminal de Cargas del Ecuador:<\/p><ul><li><strong>Correo Electr\u00f3nico:<\/strong> dpo@tce.aero<\/li><li><strong>Tel\u00e9fono:<\/strong> 042-169444<\/li><li><strong>Direcci\u00f3n:<\/strong> Av. De las Am\u00e9ricas Edificio Corporativo 1er. piso<\/li><\/ul>\t\t\t\t\t\t\t\t<\/div>\n\t\t\t\t\t<\/div>\n\t\t\t\t<\/div>\n\t\t\t\t<\/div>\n\t\t","protected":false},"excerpt":{"rendered":"<p>11\/11\/25 Aviso de Privacidad para el Tratamiento de Datos Personales Obtenidos por Videoc\u00e1maras 1. Introducci\u00f3n Terminal de Cargas del Ecuador (en adelante, &amp;quot;la Empresa&amp;quot;) informa a todos los visitantes, clientes, empleados y contratistas que, en cumplimiento con la Ley Org\u00e1nica de Protecci\u00f3n de Datos Personales del Ecuador (LOPDP) y dem\u00e1s normativa aplicable, se realiza la&#8230;<\/p>\n","protected":false},"author":1,"featured_media":0,"parent":0,"menu_order":0,"comment_status":"closed","ping_status":"closed","template":"","meta":{"footnotes":""},"class_list":["post-2060","page","type-page","status-publish","hentry","page--item"],"_links":{"self":[{"href":"https:\/\/tce.aero\/index.php?rest_route=\/wp\/v2\/pages\/2060","targetHints":{"allow":["GET"]}}],"collection":[{"href":"https:\/\/tce.aero\/index.php?rest_route=\/wp\/v2\/pages"}],"about":[{"href":"https:\/\/tce.aero\/index.php?rest_route=\/wp\/v2\/types\/page"}],"author":[{"embeddable":true,"href":"https:\/\/tce.aero\/index.php?rest_route=\/wp\/v2\/users\/1"}],"replies":[{"embeddable":true,"href":"https:\/\/tce.aero\/index.php?rest_route=%2Fwp%2Fv2%2Fcomments&post=2060"}],"version-history":[{"count":16,"href":"https:\/\/tce.aero\/index.php?rest_route=\/wp\/v2\/pages\/2060\/revisions"}],"predecessor-version":[{"id":2169,"href":"https:\/\/tce.aero\/index.php?rest_route=\/wp\/v2\/pages\/2060\/revisions\/2169"}],"wp:attachment":[{"href":"https:\/\/tce.aero\/index.php?rest_route=%2Fwp%2Fv2%2Fmedia&parent=2060"}],"curies":[{"name":"wp","href":"https:\/\/api.w.org\/{rel}","templated":true}]}}