{"id":2065,"date":"2025-11-28T20:30:18","date_gmt":"2025-11-28T20:30:18","guid":{"rendered":"https:\/\/tce.aero\/?page_id=2065"},"modified":"2025-11-28T22:58:26","modified_gmt":"2025-11-28T22:58:26","slug":"politica-de-tratamiento-de-datos-personales-obtenidos-obtenidos-para-el-ingreso-al-terminal-de-cargas-del-ecuador","status":"publish","type":"page","link":"https:\/\/tce.aero\/?page_id=2065","title":{"rendered":"Aviso de privacidad para el tratamiento de datos personales obtenidos Obtenidos para el Ingreso al Terminal de Cargas del Ecuador"},"content":{"rendered":"\t\t<div data-elementor-type=\"wp-page\" data-elementor-id=\"2065\" class=\"elementor elementor-2065\" data-elementor-post-type=\"page\">\n\t\t\t\t<div class=\"elementor-element elementor-element-8de9038 e-flex e-con-boxed e-con e-parent\" data-id=\"8de9038\" data-element_type=\"container\" data-e-type=\"container\">\n\t\t\t\t\t<div class=\"e-con-inner\">\n\t\t\t\t<div class=\"elementor-element elementor-element-2b8c030 elementor-widget elementor-widget-heading\" data-id=\"2b8c030\" data-element_type=\"widget\" data-e-type=\"widget\" data-widget_type=\"heading.default\">\n\t\t\t\t\t<h6 class=\"elementor-heading-title elementor-size-default\">11\/11\/25<\/h6>\t\t\t\t<\/div>\n\t\t\t\t<div class=\"elementor-element elementor-element-26b5afb elementor-widget elementor-widget-heading\" data-id=\"26b5afb\" data-element_type=\"widget\" data-e-type=\"widget\" data-widget_type=\"heading.default\">\n\t\t\t\t\t<h4 class=\"elementor-heading-title elementor-size-default\">Aviso de Privacidad para el Tratamiento de Datos Personales Obtenidos para el Ingreso al  Terminal de Cargas del Ecuador<\/h4>\t\t\t\t<\/div>\n\t\t\t\t\t<\/div>\n\t\t\t\t<\/div>\n\t\t<div class=\"elementor-element elementor-element-882d615 e-flex e-con-boxed e-con e-parent\" data-id=\"882d615\" data-element_type=\"container\" data-e-type=\"container\">\n\t\t\t\t\t<div class=\"e-con-inner\">\n\t\t\t\t<div class=\"elementor-element elementor-element-2731656 elementor-widget elementor-widget-heading\" data-id=\"2731656\" data-element_type=\"widget\" data-e-type=\"widget\" data-widget_type=\"heading.default\">\n\t\t\t\t\t<h5 class=\"elementor-heading-title elementor-size-default\">1. Introducci\u00f3n<\/h5>\t\t\t\t<\/div>\n\t\t\r\n\t\t<div class=\"elementor-element elementor-element-8ddcd93 elementor-widget elementor-widget-text-editor\" data-id=\"8ddcd93\" data-element_type=\"widget\" data-e-type=\"widget\" data-widget_type=\"text-editor.default\">\n\t\t\t\t\t\t\t\t\t<p>Terminal de Cargas del Ecuador (en adelante, &amp;quot;la Empresa&amp;quot;) informa a todos los visitantes, clientes, empleados y contratistas que, en cumplimiento con la Ley Org\u00e1nica de Protecci\u00f3n de Datos Personales del Ecuador (LOPDP) y dem\u00e1s normativa aplicable, se realiza la captura y el tratamiento de datos personales para el ingreso del edificio corporativo.<\/p>\t\t\t\t\t\t\t\t<\/div>\n\t\t\t\t\t<\/div>\n\t\t\t\t<\/div>\n\t\t<div class=\"elementor-element elementor-element-9b84cfe e-flex e-con-boxed e-con e-parent\" data-id=\"9b84cfe\" data-element_type=\"container\" data-e-type=\"container\">\n\t\t\t\t\t<div class=\"e-con-inner\">\n\t\t\t\t<div class=\"elementor-element elementor-element-7bd22e8 elementor-widget elementor-widget-heading\" data-id=\"7bd22e8\" data-element_type=\"widget\" data-e-type=\"widget\" data-widget_type=\"heading.default\">\n\t\t\t\t\t<h5 class=\"elementor-heading-title elementor-size-default\">2. Responsable del Tratamiento<\/h5>\t\t\t\t<\/div>\n\t\t\t\t<div class=\"elementor-element elementor-element-8afe6ad elementor-widget elementor-widget-text-editor\" data-id=\"8afe6ad\" data-element_type=\"widget\" data-e-type=\"widget\" data-widget_type=\"text-editor.default\">\n\t\t\t\t\t\t\t\t\t<ul><li><strong>Nombre del Responsable:<\/strong>\u00a0Terminal de Cargas del Ecuador<\/li><li><strong>Domicilio:<\/strong>\u00a0Av. De las Am\u00e9ricas, Edificio Corporativo TCE 1er piso<\/li><li><strong>Correo Electr\u00f3nico de Contacto:<\/strong>\u00a0<a href=\"mailto:dpo@tce.aero\">dpo@tce.aero<\/a><\/li><li><strong>Tel\u00e9fono de Contacto:<\/strong>\u00a0042-169444<\/li><\/ul>\t\t\t\t\t\t\t\t<\/div>\n\t\t\t\t\t<\/div>\n\t\t\t\t<\/div>\n\t\t<div class=\"elementor-element elementor-element-2aa0b30 e-flex e-con-boxed e-con e-parent\" data-id=\"2aa0b30\" data-element_type=\"container\" data-e-type=\"container\">\n\t\t\t\t\t<div class=\"e-con-inner\">\n\t\t\t\t<div class=\"elementor-element elementor-element-b5c41b1 elementor-widget elementor-widget-heading\" data-id=\"b5c41b1\" data-element_type=\"widget\" data-e-type=\"widget\" data-widget_type=\"heading.default\">\n\t\t\t\t\t<h5 class=\"elementor-heading-title elementor-size-default\">3. Finalidad del Tratamiento<\/h5>\t\t\t\t<\/div>\n\t\t\t\t<div class=\"elementor-element elementor-element-8ebe093 elementor-widget elementor-widget-text-editor\" data-id=\"8ebe093\" data-element_type=\"widget\" data-e-type=\"widget\" data-widget_type=\"text-editor.default\">\n\t\t\t\t\t\t\t\t\t<p>La finalidad de la recopilaci\u00f3n de datos personales para el ingreso de a las instalaciones del Terminal de Cargas del Ecuador es:<\/p><ol><li>Garantizar la seguridad de los empleados, clientes, visitantes y contratistas.<\/li><li>Proteger los bienes y activos de la Empresa.<\/li><li>Controlar el acceso a las instalaciones.<\/li><li>Llevar un registro de ingreso de personas<\/li><\/ol>\t\t\t\t\t\t\t\t<\/div>\n\t\t\t\t\t<\/div>\n\t\t\t\t<\/div>\n\t\t<div class=\"elementor-element elementor-element-1702069 e-flex e-con-boxed e-con e-parent\" data-id=\"1702069\" data-element_type=\"container\" data-e-type=\"container\">\n\t\t\t\t\t<div class=\"e-con-inner\">\n\t\t\t\t<div class=\"elementor-element elementor-element-a7636ef elementor-widget elementor-widget-heading\" data-id=\"a7636ef\" data-element_type=\"widget\" data-e-type=\"widget\" data-widget_type=\"heading.default\">\n\t\t\t\t\t<h5 class=\"elementor-heading-title elementor-size-default\">4. Base Legal para el Tratamiento<\/h5>\t\t\t\t<\/div>\n\t\t\t\t<div class=\"elementor-element elementor-element-05ec001 elementor-widget elementor-widget-text-editor\" data-id=\"05ec001\" data-element_type=\"widget\" data-e-type=\"widget\" data-widget_type=\"text-editor.default\">\n\t\t\t\t\t\t\t\t\t<p>El tratamiento de datos personales se basa en los siguientes fundamentos legales:<\/p><ol><li><strong>Inter\u00e9s leg\u00edtimo del Responsable del Tratamiento:<\/strong>\u00a0Para garantizar la seguridad y protecci\u00f3n de personas y bienes en nuestras instalaciones.<\/li><\/ol>\t\t\t\t\t\t\t\t<\/div>\n\t\t\t\t\t<\/div>\n\t\t\t\t<\/div>\n\t\t<div class=\"elementor-element elementor-element-c957e85 e-con-full e-flex e-con e-parent\" data-id=\"c957e85\" data-element_type=\"container\" data-e-type=\"container\">\n\t\t\t\t<div class=\"elementor-element elementor-element-35514bc elementor-widget elementor-widget-heading\" data-id=\"35514bc\" data-element_type=\"widget\" data-e-type=\"widget\" data-widget_type=\"heading.default\">\n\t\t\t\t\t<h5 class=\"elementor-heading-title elementor-size-default\">5. \u00c1mbito de Aplicaci\u00f3n<\/h5>\t\t\t\t<\/div>\n\t\t\t\t<div class=\"elementor-element elementor-element-92d7634 elementor-widget elementor-widget-text-editor\" data-id=\"92d7634\" data-element_type=\"widget\" data-e-type=\"widget\" data-widget_type=\"text-editor.default\">\n\t\t\t\t\t\t\t\t\t<p>Este tratamiento de datos personales se aplica a todas las personas naturales que deseen ingresar a las instalaciones del Terminal de Cargas del Ecuador. En este contexto, se recaban datos personales tales como Identificativos, contacto y en algunos accesos placa vehicular, con la finalidad de gestionar el control de acceso, salvaguardar la seguridad de las personas, los bienes y las instalaciones, y mantener un registro de ingresos conforme a las pol\u00edticas internas.<\/p>\t\t\t\t\t\t\t\t<\/div>\n\t\t\t\t<\/div>\n\t\t<div class=\"elementor-element elementor-element-3016194 e-flex e-con-boxed e-con e-parent\" data-id=\"3016194\" data-element_type=\"container\" data-e-type=\"container\">\n\t\t\t\t\t<div class=\"e-con-inner\">\n\t\t\t\t<div class=\"elementor-element elementor-element-0df2f5e elementor-widget elementor-widget-heading\" data-id=\"0df2f5e\" data-element_type=\"widget\" data-e-type=\"widget\" data-widget_type=\"heading.default\">\n\t\t\t\t\t<h5 class=\"elementor-heading-title elementor-size-default\">6. Derechos de los Interesados<\/h5>\t\t\t\t<\/div>\n\t\t\t\t<div class=\"elementor-element elementor-element-d3a73d6 elementor-widget elementor-widget-text-editor\" data-id=\"d3a73d6\" data-element_type=\"widget\" data-e-type=\"widget\" data-widget_type=\"text-editor.default\">\n\t\t\t\t\t\t\t\t\t<p>De acuerdo con la LOPDP, los interesados tienen los siguientes derechos en relaci\u00f3n con sus datos personales recopilado al ingreso del edificio corporativo:<\/p><ol><li><strong>Derecho de Acceso:<\/strong>\u00a0Solicitar confirmaci\u00f3n sobre si se est\u00e1n tratando datos personales y acceder a las im\u00e1genes captadas.<\/li><li><strong>Derecho de Supresi\u00f3n:<\/strong>\u00a0Solicitar la eliminaci\u00f3n de los datos personales en circunstancias espec\u00edficas, siempre y cuando no afecte el derecho de otros.<\/li><li><strong>Derecho a la Limitaci\u00f3n del Tratamiento:<\/strong>\u00a0Solicitar la restricci\u00f3n del tratamiento de datos personales en ciertas condiciones.<\/li><li><strong>Derecho de no ser objeto de una decisi\u00f3n basada \u00fanica o parcialmente en valoraciones automatizadas:\u00a0<\/strong>Los titulares pueden solicitar no ser objeto de decisiones basadas en procesos automatizados.<\/li><li><strong>Derecho a revocar el consentimiento:<\/strong>\u00a0El titular puede retirar el consentimiento que inicialmente otorg\u00f3 para que El Responsable trate sus datos.<\/li><li><strong>Derecho a la portabilidad:<\/strong>\u00a0El titular puede solicitar obtener sus datos personales que se encuentren bajo responsabilidad de El Responsable<\/li><li><strong>Derecho a presentar una reclamaci\u00f3n:<\/strong>\u00a0Ante la Super Intendencia de Protecci\u00f3n de Datos Personales\u00a0<a href=\"http:\/\/www.spdp.gob.ec\/\">www.spdp.gob.ec<\/a>\u00a0si considera que el tratamiento de datos personales infringe la LOPDP.<\/li><\/ol><p>Para ejercer estos derechos, los titulares de los datos podr\u00e1n presentar su solicitud, esta se encuentra disponible para descarga en\u00a0<a href=\"http:\/\/www.tce.aero\/\">www.tce.aero<\/a>\u00a0, a trav\u00e9s de los siguientes canales:<\/p><ul><li><strong>Correo electr\u00f3nico:\u00a0<\/strong><a href=\"mailto:dpo@tce.aero\">dpo@tce.aero<\/a><\/li><li><strong>Ingreso de Solicitud\/formulario:\u00a0<\/strong>f\u00edsico en oficinas<\/li><\/ul><p><strong>6.1 Requisitos para la solicitud<\/strong>:<\/p><ul><li>Identificaci\u00f3n del titular (copia de c\u00e9dula o pasaporte)<\/li><li>Descripci\u00f3n clara del derecho que desea ejercer<\/li><li>En caso de representaci\u00f3n, documento que acredite la legitimidad<\/li><\/ul><p><strong>6.2 Plazo de respuesta<\/strong>:<\/p><p>Recibida la solicitud completa, se atender\u00e1 dentro del plazo m\u00e1ximo de\u00a0<strong>15 d\u00edas h\u00e1biles<\/strong>\u00a0establecido por la Ley Org\u00e1nica de Protecci\u00f3n de Datos Personales.<\/p><p><strong>Nota<\/strong>: Para garantizar la seguridad de sus datos personales, todas las solicitudes ser\u00e1n verificadas antes de proceder con su tr\u00e1mite.<\/p>\t\t\t\t\t\t\t\t<\/div>\n\t\t\t\t\t<\/div>\n\t\t\t\t<\/div>\n\t\t<div class=\"elementor-element elementor-element-e75a823 e-flex e-con-boxed e-con e-parent\" data-id=\"e75a823\" data-element_type=\"container\" data-e-type=\"container\">\n\t\t\t\t\t<div class=\"e-con-inner\">\n\t\t\t\t<div class=\"elementor-element elementor-element-793f077 elementor-widget elementor-widget-heading\" data-id=\"793f077\" data-element_type=\"widget\" data-e-type=\"widget\" data-widget_type=\"heading.default\">\n\t\t\t\t\t<h5 class=\"elementor-heading-title elementor-size-default\">7. Conservaci\u00f3n de los datos<\/h5>\t\t\t\t<\/div>\n\t\t\t\t<div class=\"elementor-element elementor-element-7dddd1f elementor-widget elementor-widget-text-editor\" data-id=\"7dddd1f\" data-element_type=\"widget\" data-e-type=\"widget\" data-widget_type=\"text-editor.default\">\n\t\t\t\t\t\t\t\t\t<p>Los datos recopilados se conservar\u00e1n durante un per\u00edodo m\u00e1ximo de\u00a0<strong>45<\/strong>\u00a0d\u00edas, luego se aplicar\u00e1n el procedimiento de eliminaci\u00f3n segura de los datos personales, salvo que se necesiten para la investigaci\u00f3n de incidentes espec\u00edficos, en cuyo caso se conservar\u00e1n hasta la resoluci\u00f3n definitiva del incidente.<\/p>\t\t\t\t\t\t\t\t<\/div>\n\t\t\t\t\t<\/div>\n\t\t\t\t<\/div>\n\t\t<div class=\"elementor-element elementor-element-23ff3da e-flex e-con-boxed e-con e-parent\" data-id=\"23ff3da\" data-element_type=\"container\" data-e-type=\"container\">\n\t\t\t\t\t<div class=\"e-con-inner\">\n\t\t\t\t<div class=\"elementor-element elementor-element-84e01f4 elementor-widget elementor-widget-heading\" data-id=\"84e01f4\" data-element_type=\"widget\" data-e-type=\"widget\" data-widget_type=\"heading.default\">\n\t\t\t\t\t<h5 class=\"elementor-heading-title elementor-size-default\">8. Medidas de Seguridad<\/h5>\t\t\t\t<\/div>\n\t\t\t\t<div class=\"elementor-element elementor-element-732afda elementor-widget elementor-widget-text-editor\" data-id=\"732afda\" data-element_type=\"widget\" data-e-type=\"widget\" data-widget_type=\"text-editor.default\">\n\t\t\t\t\t\t\t\t\t<p>La Empresa ha implementado medidas t\u00e9cnicas y organizativas adecuadas para garantizar la seguridad de los datos personales tratados a trav\u00e9s de sistemas de videovigilancia, incluyendo:<\/p><ol><li><strong>Control de acceso restringido<\/strong>\u00a0a las im\u00e1genes captadas.<\/li><li><strong>Cifrado y almacenamiento seguro<\/strong>\u00a0de las im\u00e1genes.<\/li><li><strong>Acuerdos de confidencialidad\u00a0<\/strong>con el personal involucrado en el tratamiento.<\/li><\/ol>\t\t\t\t\t\t\t\t<\/div>\n\t\t\t\t\t<\/div>\n\t\t\t\t<\/div>\n\t\t<div class=\"elementor-element elementor-element-bb6befd e-flex e-con-boxed e-con e-parent\" data-id=\"bb6befd\" data-element_type=\"container\" data-e-type=\"container\">\n\t\t\t\t\t<div class=\"e-con-inner\">\n\t\t\t\t<div class=\"elementor-element elementor-element-cf4625c elementor-widget elementor-widget-heading\" data-id=\"cf4625c\" data-element_type=\"widget\" data-e-type=\"widget\" data-widget_type=\"heading.default\">\n\t\t\t\t\t<h5 class=\"elementor-heading-title elementor-size-default\">9. Transferencias de Datos<\/h5>\t\t\t\t<\/div>\n\t\t\t\t<div class=\"elementor-element elementor-element-23c5bf0 elementor-widget elementor-widget-text-editor\" data-id=\"23c5bf0\" data-element_type=\"widget\" data-e-type=\"widget\" data-widget_type=\"text-editor.default\">\n\t\t\t\t\t\t\t\t\t<p>Los datos personales son recopilados por un proveedor de servicios de seguridad autorizado (encargado del tratamiento), bajo instrucciones del\u00a0<strong>Terminal de Cargas del Ecuador S.A.\u00a0<\/strong>y son tratados exclusivamente por el Departamento de Seguridad, con el \u00fanico prop\u00f3sito de cumplir los fines espec\u00edficos del tratamiento. No ser\u00e1n transferidos a terceros, excepto en aquellos casos en que exista una obligaci\u00f3n legal que lo requiera, garantizando siempre la protecci\u00f3n y confidencialidad de la informaci\u00f3n.\u00a0<\/p>\t\t\t\t\t\t\t\t<\/div>\n\t\t\t\t\t<\/div>\n\t\t\t\t<\/div>\n\t\t<div class=\"elementor-element elementor-element-9b9e7b0 e-flex e-con-boxed e-con e-parent\" data-id=\"9b9e7b0\" data-element_type=\"container\" data-e-type=\"container\">\n\t\t\t\t\t<div class=\"e-con-inner\">\n\t\t\t\t<div class=\"elementor-element elementor-element-cf781b9 elementor-widget elementor-widget-heading\" data-id=\"cf781b9\" data-element_type=\"widget\" data-e-type=\"widget\" data-widget_type=\"heading.default\">\n\t\t\t\t\t<h5 class=\"elementor-heading-title elementor-size-default\">10. Actualizaci\u00f3n del Aviso de Privacidad<\/h5>\t\t\t\t<\/div>\n\t\t\t\t<div class=\"elementor-element elementor-element-fdae128 elementor-widget elementor-widget-text-editor\" data-id=\"fdae128\" data-element_type=\"widget\" data-e-type=\"widget\" data-widget_type=\"text-editor.default\">\n\t\t\t\t\t\t\t\t\t<p>Este Aviso de Privacidad podr\u00e1 ser actualizado en cualquier momento para reflejar cambios en nuestras pr\u00e1cticas de tratamiento de datos personales o en la normativa aplicable. La versi\u00f3n m\u00e1s reciente estar\u00e1 disponible en nuestra p\u00e1gina web <a href=\"http:\/\/www.tce.aero\">www.tce.aero<\/a> y en nuestras instalaciones.<\/p>\t\t\t\t\t\t\t\t<\/div>\n\t\t\t\t\t<\/div>\n\t\t\t\t<\/div>\n\t\t<div class=\"elementor-element elementor-element-e339f77 e-flex e-con-boxed e-con e-parent\" data-id=\"e339f77\" data-element_type=\"container\" data-e-type=\"container\">\n\t\t\t\t\t<div class=\"e-con-inner\">\n\t\t\t\t<div class=\"elementor-element elementor-element-c046d7f elementor-widget elementor-widget-heading\" data-id=\"c046d7f\" data-element_type=\"widget\" data-e-type=\"widget\" data-widget_type=\"heading.default\">\n\t\t\t\t\t<h5 class=\"elementor-heading-title elementor-size-default\">11. Contacto<\/h5>\t\t\t\t<\/div>\n\t\t\t\t<div class=\"elementor-element elementor-element-c5587ef elementor-widget elementor-widget-text-editor\" data-id=\"c5587ef\" data-element_type=\"widget\" data-e-type=\"widget\" data-widget_type=\"text-editor.default\">\n\t\t\t\t\t\t\t\t\t<p>Para cualquier duda o consulta sobre este Aviso de Privacidad, los interesados pueden contactar con el Delegado de Protecci\u00f3n de Datos (DPO) del Terminal de Cargas del Ecuador:<\/p><ul><li><strong>Correo Electr\u00f3nico:<\/strong> dpo@tce.aero<\/li><li><strong>Tel\u00e9fono:<\/strong> 042-169444<\/li><li><strong>Direcci\u00f3n:<\/strong> Av. De las Am\u00e9ricas Edificio Corporativo 1er. piso<\/li><\/ul>\t\t\t\t\t\t\t\t<\/div>\n\t\t\t\t\t<\/div>\n\t\t\t\t<\/div>\n\t\t\t\t<\/div>\n\t\t","protected":false},"excerpt":{"rendered":"<p>11\/11\/25 Aviso de Privacidad para el Tratamiento de Datos Personales Obtenidos para el Ingreso al Terminal de Cargas del Ecuador 1. Introducci\u00f3n Terminal de Cargas del Ecuador (en adelante, &amp;quot;la Empresa&amp;quot;) informa a todos los visitantes, clientes, empleados y contratistas que, en cumplimiento con la Ley Org\u00e1nica de Protecci\u00f3n de Datos Personales del Ecuador (LOPDP)&#8230;<\/p>\n","protected":false},"author":1,"featured_media":0,"parent":0,"menu_order":0,"comment_status":"closed","ping_status":"closed","template":"","meta":{"footnotes":""},"class_list":["post-2065","page","type-page","status-publish","hentry","page--item"],"_links":{"self":[{"href":"https:\/\/tce.aero\/index.php?rest_route=\/wp\/v2\/pages\/2065","targetHints":{"allow":["GET"]}}],"collection":[{"href":"https:\/\/tce.aero\/index.php?rest_route=\/wp\/v2\/pages"}],"about":[{"href":"https:\/\/tce.aero\/index.php?rest_route=\/wp\/v2\/types\/page"}],"author":[{"embeddable":true,"href":"https:\/\/tce.aero\/index.php?rest_route=\/wp\/v2\/users\/1"}],"replies":[{"embeddable":true,"href":"https:\/\/tce.aero\/index.php?rest_route=%2Fwp%2Fv2%2Fcomments&post=2065"}],"version-history":[{"count":14,"href":"https:\/\/tce.aero\/index.php?rest_route=\/wp\/v2\/pages\/2065\/revisions"}],"predecessor-version":[{"id":2173,"href":"https:\/\/tce.aero\/index.php?rest_route=\/wp\/v2\/pages\/2065\/revisions\/2173"}],"wp:attachment":[{"href":"https:\/\/tce.aero\/index.php?rest_route=%2Fwp%2Fv2%2Fmedia&parent=2065"}],"curies":[{"name":"wp","href":"https:\/\/api.w.org\/{rel}","templated":true}]}}