{"id":2121,"date":"2025-11-28T21:22:41","date_gmt":"2025-11-28T21:22:41","guid":{"rendered":"https:\/\/tce.aero\/?page_id=2121"},"modified":"2025-11-28T21:25:41","modified_gmt":"2025-11-28T21:25:41","slug":"aviso-de-privacidad-para-el-uso-del-sitio-web-de-terminal-del-cargas-del-ecuador","status":"publish","type":"page","link":"https:\/\/tce.aero\/?page_id=2121","title":{"rendered":"Aviso de Privacidad para el uso del sitio web de Terminal del Cargas del Ecuador"},"content":{"rendered":"\t\t<div data-elementor-type=\"wp-page\" data-elementor-id=\"2121\" class=\"elementor elementor-2121\" data-elementor-post-type=\"page\">\n\t\t\t\t<div class=\"elementor-element elementor-element-8de9038 e-flex e-con-boxed e-con e-parent\" data-id=\"8de9038\" data-element_type=\"container\" data-e-type=\"container\">\n\t\t\t\t\t<div class=\"e-con-inner\">\n\t\t\t\t<div class=\"elementor-element elementor-element-2b8c030 elementor-widget elementor-widget-heading\" data-id=\"2b8c030\" data-element_type=\"widget\" data-e-type=\"widget\" data-widget_type=\"heading.default\">\n\t\t\t\t\t<h6 class=\"elementor-heading-title elementor-size-default\">16\/02\/24<\/h6>\t\t\t\t<\/div>\n\t\t\t\t<div class=\"elementor-element elementor-element-26b5afb elementor-widget elementor-widget-heading\" data-id=\"26b5afb\" data-element_type=\"widget\" data-e-type=\"widget\" data-widget_type=\"heading.default\">\n\t\t\t\t\t<h4 class=\"elementor-heading-title elementor-size-default\">Aviso de Privacidad para el uso del sitio web de Terminal del Cargas del Ecuador<\/h4>\t\t\t\t<\/div>\n\t\t\t\t\t<\/div>\n\t\t\t\t<\/div>\n\t\t<div class=\"elementor-element elementor-element-882d615 e-flex e-con-boxed e-con e-parent\" data-id=\"882d615\" data-element_type=\"container\" data-e-type=\"container\">\n\t\t\t\t\t<div class=\"e-con-inner\">\n\t\t\t\t<div class=\"elementor-element elementor-element-2731656 elementor-widget elementor-widget-heading\" data-id=\"2731656\" data-element_type=\"widget\" data-e-type=\"widget\" data-widget_type=\"heading.default\">\n\t\t\t\t\t<h5 class=\"elementor-heading-title elementor-size-default\">Objeto<\/h5>\t\t\t\t<\/div>\n\t\t\r\n\t\t<div class=\"elementor-element elementor-element-b4fbba5 elementor-widget elementor-widget-text-editor\" data-id=\"b4fbba5\" data-element_type=\"widget\" data-e-type=\"widget\" data-widget_type=\"text-editor.default\">\n\t\t\t\t\t\t\t\t\t<p>Cumplimos con lo establecido en la Ley Org\u00e1nica de Protecci\u00f3n de Datos Personales (LOPDP) de Ecuador, publicada en el Quinto Suplemento del Registro Oficial N\u00b0 459 del 26 de mayo de 2021.<br \/>Este aviso define los t\u00e9rminos y condiciones para el uso de los datos personales recopilados a trav\u00e9s del sitio web https:\/\/www.tce.aero, propiedad de Terminal de Carga del Ecuador.<\/p>\t\t\t\t\t\t\t\t<\/div>\n\t\t\t\t\t<\/div>\n\t\t\t\t<\/div>\n\t\t<div class=\"elementor-element elementor-element-9b84cfe e-flex e-con-boxed e-con e-parent\" data-id=\"9b84cfe\" data-element_type=\"container\" data-e-type=\"container\">\n\t\t\t\t\t<div class=\"e-con-inner\">\n\t\t\t\t<div class=\"elementor-element elementor-element-7bd22e8 elementor-widget elementor-widget-heading\" data-id=\"7bd22e8\" data-element_type=\"widget\" data-e-type=\"widget\" data-widget_type=\"heading.default\">\n\t\t\t\t\t<h5 class=\"elementor-heading-title elementor-size-default\">Alcance<\/h5>\t\t\t\t<\/div>\n\t\t\t\t<div class=\"elementor-element elementor-element-8afe6ad elementor-widget elementor-widget-text-editor\" data-id=\"8afe6ad\" data-element_type=\"widget\" data-e-type=\"widget\" data-widget_type=\"text-editor.default\">\n\t\t\t\t\t\t\t\t\t<p>Este aviso aplica a todos los visitantes del sitio web del Terminal de Carga del Ecuador.<\/p>\t\t\t\t\t\t\t\t<\/div>\n\t\t\t\t\t<\/div>\n\t\t\t\t<\/div>\n\t\t<div class=\"elementor-element elementor-element-2aa0b30 e-flex e-con-boxed e-con e-parent\" data-id=\"2aa0b30\" data-element_type=\"container\" data-e-type=\"container\">\n\t\t\t\t\t<div class=\"e-con-inner\">\n\t\t\t\t<div class=\"elementor-element elementor-element-b5c41b1 elementor-widget elementor-widget-heading\" data-id=\"b5c41b1\" data-element_type=\"widget\" data-e-type=\"widget\" data-widget_type=\"heading.default\">\n\t\t\t\t\t<h5 class=\"elementor-heading-title elementor-size-default\">Recopilaci\u00f3n de Datos<\/h5>\t\t\t\t<\/div>\n\t\t\t\t<div class=\"elementor-element elementor-element-8ebe093 elementor-widget elementor-widget-text-editor\" data-id=\"8ebe093\" data-element_type=\"widget\" data-e-type=\"widget\" data-widget_type=\"text-editor.default\">\n\t\t\t\t\t\t\t\t\t<p>Actualmente, Terminal de Carga del Ecuador no recopila datos personales a trav\u00e9s de este sitio web. Sin embargo, los clientes y proveedores pueden consultar nuestras Pol\u00edticas de Privacidad espec\u00edficas para cada interesado y m\u00e1s informaci\u00f3n sobre c\u00f3mo tratamos y procesamos sus datos personales en la Pol\u00edtica de Protecci\u00f3n de Datos<\/p>\t\t\t\t\t\t\t\t<\/div>\n\t\t\t\t\t<\/div>\n\t\t\t\t<\/div>\n\t\t<div class=\"elementor-element elementor-element-1702069 e-flex e-con-boxed e-con e-parent\" data-id=\"1702069\" data-element_type=\"container\" data-e-type=\"container\">\n\t\t\t\t\t<div class=\"e-con-inner\">\n\t\t\t\t<div class=\"elementor-element elementor-element-a7636ef elementor-widget elementor-widget-heading\" data-id=\"a7636ef\" data-element_type=\"widget\" data-e-type=\"widget\" data-widget_type=\"heading.default\">\n\t\t\t\t\t<h5 class=\"elementor-heading-title elementor-size-default\">Pol\u00edtica de Uso de Cookies<\/h5>\t\t\t\t<\/div>\n\t\t\t\t<div class=\"elementor-element elementor-element-1a37897 elementor-widget elementor-widget-heading\" data-id=\"1a37897\" data-element_type=\"widget\" data-e-type=\"widget\" data-widget_type=\"heading.default\">\n\t\t\t\t\t<h5 class=\"elementor-heading-title elementor-size-default\">Derechos de los Interesados<\/h5>\t\t\t\t<\/div>\n\t\t\t\t<div class=\"elementor-element elementor-element-05ec001 elementor-widget elementor-widget-text-editor\" data-id=\"05ec001\" data-element_type=\"widget\" data-e-type=\"widget\" data-widget_type=\"text-editor.default\">\n\t\t\t\t\t\t\t\t\t<p>El sitio utiliza cookies para garantizar su correcto funcionamiento y ofrecer una experiencia personalizada a cada uno de sus visitantes.<\/p><ul><li><strong>\u00bfQu\u00e9 son las cookies?<\/strong><\/li><\/ul><p>Son peque\u00f1os archivos de texto almacenados en su navegador que contienen informaci\u00f3n t\u00e9cnica o de personalizaci\u00f3n. Por ejemplo, las cookies permiten que un sitio recuerde sus preferencias o mantenga su inicio de sesi\u00f3n activo en futuras visitas.<\/p><ul><li><strong>\u00bfPor qu\u00e9 utilizamos cookies?<\/strong><\/li><\/ul><p>Utilizamos cookies de terceros por varias razones. Algunas cookies son necesarias por razones t\u00e9cnicas para el funcionamiento de nuestro sitio web, y las denominadas cookies \u201cesenciales\u201d o \u201cestrictamente necesarias\u201d. Otras cookies tambi\u00e9n nos permiten rastrear y segmentar los intereses de nuestros usuarios para mejorar su experiencia en nuestras propiedades en l\u00ednea.<br \/>Terceros utilizan cookies a trav\u00e9s de nuestro sitio web con fines publicitarios, anal\u00edticos y otros.<\/p><ul><li><strong>\u00bfC\u00f3mo puedo controlar las cookies?<\/strong><\/li><\/ul><p>Tienen derecho a decidir si acepta o rechaza las cookies. Puedes ejercer sus derechos sobre las cookies configurando sus preferencias en el Administrador de Consentimiento de Cookies que se encuentra en el banner de notificaciones al inicio de nuestro sitio web, Si decide rechazar las cookies, podr\u00e1 seguir usando nuestro sitio web, aunque su acceso a algunas funciones y \u00e1reas podr\u00eda estar restringido y tendr\u00e1 que activar o desactivar las cookies cada vez que ingrese a nuestro sitio web.<br \/>Los tipos espec\u00edficos de cookies propias y de terceros que se sirven a trav\u00e9s de nuestro sitio web y lo prop\u00f3sito que cumplen se describen en la siguiente tabla (tenga en cuenta que las cookies espec\u00edficas que se sirven pueden variar seg\u00fan las propiedades en l\u00ednea espec\u00edficas que visite)<\/p><ul><li><strong>Cookies de rendimiento y funcionalidad<\/strong><\/li><\/ul><p>Estas cookies se utilizan para mejorar el rendimiento y la funcionalidad de nuestro sitio web, pero no son esenciales para su uso. Sin embargo, sin ellas es posible que algunas funciones (como los videos) no est\u00e9n disponibles.<br \/>Las Cookies que usamos son:<\/p><table style=\"width: 100%; border-collapse: collapse;\" border=\"1\"><thead><tr style=\"background: #d9e2f3; font-weight: bold;\"><th style=\"padding: 8px;\">Nombre<\/th><th style=\"padding: 8px;\">Tipo<\/th><th style=\"padding: 8px;\">Propiedad<\/th><th style=\"padding: 8px;\">Finalidad<\/th><th style=\"padding: 8px;\">Caduca en<\/th><\/tr><\/thead><tbody><tr><td style=\"padding: 8px;\">sbjs_migrations<\/td><td style=\"padding: 8px;\">Publicitarias<br \/>Http_cookie<\/td><td style=\"padding: 8px;\">WooCommerce<\/td><td style=\"padding: 8px;\">Recopila datos sobre el comportamiento y la interacci\u00f3n del usuario para optimizar el sitio web y hacer que la publicidad en el sitio web sea m\u00e1s relevante.<\/td><td style=\"padding: 8px;\">Finalizar la sesi\u00f3n<\/td><\/tr><tr><td style=\"padding: 8px;\">sbjs_current<\/td><td style=\"padding: 8px;\">Publicitarias<br \/>Http_cookie<\/td><td style=\"padding: 8px;\">WooCommerce<\/td><td style=\"padding: 8px;\">Recopila datos sobre el comportamiento y la interacci\u00f3n del usuario para optimizar el sitio web y hacer que la publicidad en el sitio web sea m\u00e1s relevante.<\/td><td style=\"padding: 8px;\">Finalizar la sesi\u00f3n<\/td><\/tr><tr><td style=\"padding: 8px;\">sbjs_current_add<\/td><td style=\"padding: 8px;\">Publicitarias<br \/>Http_cookie<\/td><td style=\"padding: 8px;\">WooCommerce<\/td><td style=\"padding: 8px;\">Recopila datos sobre el comportamiento y la interacci\u00f3n del usuario para optimizar el sitio web y hacer que la publicidad en el sitio web sea m\u00e1s relevante.<\/td><td style=\"padding: 8px;\">Finalizar la sesi\u00f3n<\/td><\/tr><tr><td style=\"padding: 8px;\">sbjs_first<\/td><td style=\"padding: 8px;\">Publicitarias<br \/>Http_cookie<\/td><td style=\"padding: 8px;\">WooCommerce<\/td><td style=\"padding: 8px;\">Recopila datos sobre el comportamiento y la interacci\u00f3n del usuario para optimizar el sitio web y hacer que la publicidad en el sitio web sea m\u00e1s relevante.<\/td><td style=\"padding: 8px;\">Finalizar la sesi\u00f3n<\/td><\/tr><tr><td style=\"padding: 8px;\">sbjs_first_add<\/td><td style=\"padding: 8px;\">Publicitarias<br \/>Http_cookie<\/td><td style=\"padding: 8px;\">WooCommerce<\/td><td style=\"padding: 8px;\">Recopila datos sobre el comportamiento y la interacci\u00f3n del usuario para optimizar el sitio web y hacer que la publicidad en el sitio web sea m\u00e1s relevante.<\/td><td style=\"padding: 8px;\">Finalizar la sesi\u00f3n<\/td><\/tr><tr><td style=\"padding: 8px;\">sbjs_udata<\/td><td style=\"padding: 8px;\">Publicitarias<br \/>Http_cookie<\/td><td style=\"padding: 8px;\">WooCommerce<\/td><td style=\"padding: 8px;\">Recopila datos sobre el comportamiento y la interacci\u00f3n del usuario para optimizar el sitio web y hacer que la publicidad en el sitio web sea m\u00e1s relevante.<\/td><td style=\"padding: 8px;\">Finalizar la sesi\u00f3n<\/td><\/tr><tr><td style=\"padding: 8px;\">sbjs_session<\/td><td style=\"padding: 8px;\">Publicitarias<br \/>Http_cookie<\/td><td style=\"padding: 8px;\">WooCommerce<\/td><td style=\"padding: 8px;\">Recopila datos sobre el comportamiento y la interacci\u00f3n del usuario para optimizar el sitio web y hacer que la publicidad en el sitio web sea m\u00e1s relevante.<\/td><td style=\"padding: 8px;\">29 minutos<\/td><\/tr><tr><td style=\"padding: 8px;\">wpEmojiSettingsSupports<\/td><td style=\"padding: 8px;\">Rendimiento<br \/>Almacenamiento de sesi\u00f3n html<\/td><td style=\"padding: 8px;\"><a href=\"https:\/\/woces.com\" target=\"_blank\" rel=\"noopener\">woces.com<\/a><\/td><td style=\"padding: 8px;\">Esta cookie se utiliza para habilitar la compatibilidad con emojis en p\u00e1ginas que utilizan WordPress.<\/td><td style=\"padding: 8px;\">Finalizar la sesi\u00f3n<\/td><\/tr><tr><td style=\"padding: 8px;\">moove_gdpr_popup<\/td><td style=\"padding: 8px;\">Registro de cumplimiento normativo<\/td><td style=\"padding: 8px;\">GDPR Cookie Compliance<\/td><td style=\"padding: 8px;\">Esta cookie se utiliza para conocer si el usuario ha aceptado, rechazado o personalizado las categor\u00edas de cookies.<\/td><td style=\"padding: 8px;\">365 d\u00edas<\/td><\/tr><\/tbody><\/table>\t\t\t\t\t\t\t\t<\/div>\n\t\t\t\t\t<\/div>\n\t\t\t\t<\/div>\n\t\t<div class=\"elementor-element elementor-element-c957e85 e-con-full e-flex e-con e-parent\" data-id=\"c957e85\" data-element_type=\"container\" data-e-type=\"container\">\n\t\t\t\t<div class=\"elementor-element elementor-element-35514bc elementor-widget elementor-widget-heading\" data-id=\"35514bc\" data-element_type=\"widget\" data-e-type=\"widget\" data-widget_type=\"heading.default\">\n\t\t\t\t\t<h5 class=\"elementor-heading-title elementor-size-default\">\u00bfC\u00f3mo puedo controlar las cookies en mi navegador?<\/h5>\t\t\t\t<\/div>\n\t\t\t\t<div class=\"elementor-element elementor-element-92d7634 elementor-widget elementor-widget-text-editor\" data-id=\"92d7634\" data-element_type=\"widget\" data-e-type=\"widget\" data-widget_type=\"text-editor.default\">\n\t\t\t\t\t\t\t\t\t<div class=\"elementor-element elementor-element-8cc739a elementor-widget elementor-widget-text-editor\" data-id=\"8cc739a\" data-element_type=\"widget\" data-widget_type=\"text-editor.default\"><div class=\"elementor-widget-container\"><p>Puede habilitar, deshabilitar o eliminar las cookies desde las opciones de configuraci\u00f3n de privacidad de su navegador. Consulte las gu\u00edas para algunos de los navegadores m\u00e1s comunes:<\/p><ul><li><a href=\"https:\/\/www.microsoft.com\/edge\" target=\"_blank\" rel=\"noopener\">Microsoft Edge<\/a><\/li><li><a href=\"https:\/\/support.google.com\/chrome\/answer\/95647?hl=es\" target=\"_blank\" rel=\"noopener\">Google Chrome<\/a><\/li><li><a href=\"https:\/\/www.mozilla.org\/firefox\" target=\"_blank\" rel=\"noopener\">Mozilla Firefox<\/a><\/li><li><a href=\"https:\/\/www.apple.com\/safari\" target=\"_blank\" rel=\"noopener\">Safari<\/a><\/li><\/ul><\/div><\/div><div class=\"elementor-element elementor-element-132cd1a elementor-widget elementor-widget-text-editor\" data-id=\"132cd1a\" data-element_type=\"widget\" data-widget_type=\"text-editor.default\"><div class=\"elementor-widget-container\"><p>De acuerdo con la LOPDP, los interesados tienen los siguientes derechos en relaci\u00f3n con sus datos personales recopilado al ingreso del edificio corporativo:<\/p><ul><li>Derecho de Acceso: Solicitar confirmaci\u00f3n sobre si se est\u00e1n tratando datos personales y acceder a las im\u00e1genes captadas.<\/li><li>Derecho de Supresi\u00f3n: Solicitar la eliminaci\u00f3n de los datos personales en<br \/>circunstancias espec\u00edficas, siempre y cuando no afecte el derecho de otros.\\<\/li><li>Derecho a la Limitaci\u00f3n del Tratamiento: Solicitar la restricci\u00f3n del tratamiento de<br \/>datos personales en ciertas condiciones.<\/li><li>Derecho de no ser objeto de una decisi\u00f3n basada \u00fanica o parcialmente en valoraciones automatizadas: Los titulares pueden solicitar no ser objeto de decisiones basadas en procesos automatizados.<\/li><li>Derecho a revocar el consentimiento: El titular puede retirar el consentimiento que inicialmente otorg\u00f3 para que El Responsable trate sus datos.<\/li><li>Derecho a la portabilidad: El titular puede solicitar obtener sus datos personales que se encuentren bajo responsabilidad de El Responsable<\/li><li>Derecho a presentar una reclamaci\u00f3n: Ante la Super Intendencia de Protecci\u00f3n de Datos Personales www.spdp.gob.ec si considera que el tratamiento de datos<br \/>personales infringe la LOPDP.<\/li><\/ul><p>\u00a0<\/p><p>Para ejercer estos derechos, los titulares de los datos podr\u00e1n presentar su solicitud, esta se encuentra disponible para descarga en www.tce.aero , a trav\u00e9s de los siguientes canales:<\/p><ul><li>Correo electr\u00f3nico: dpo@tce.aero<\/li><li>Ingreso de Solicitud\/formulario: f\u00edsico en oficinas<\/li><\/ul><\/div><\/div>\t\t\t\t\t\t\t\t<\/div>\n\t\t\t\t<\/div>\n\t\t<div class=\"elementor-element elementor-element-3016194 e-flex e-con-boxed e-con e-parent\" data-id=\"3016194\" data-element_type=\"container\" data-e-type=\"container\">\n\t\t\t\t\t<div class=\"e-con-inner\">\n\t\t\t\t<div class=\"elementor-element elementor-element-0df2f5e elementor-widget elementor-widget-heading\" data-id=\"0df2f5e\" data-element_type=\"widget\" data-e-type=\"widget\" data-widget_type=\"heading.default\">\n\t\t\t\t\t<h5 class=\"elementor-heading-title elementor-size-default\">Requisitos para la solicitud<\/h5>\t\t\t\t<\/div>\n\t\t\t\t<div class=\"elementor-element elementor-element-d3a73d6 elementor-widget elementor-widget-text-editor\" data-id=\"d3a73d6\" data-element_type=\"widget\" data-e-type=\"widget\" data-widget_type=\"text-editor.default\">\n\t\t\t\t\t\t\t\t\t<ul><li>Identificaci\u00f3n del titular (copia de c\u00e9dula o pasaporte)<\/li><li>Descripci\u00f3n clara del derecho que desea ejercer<\/li><li>En caso de representaci\u00f3n, documento que acredite la legitimidad.<\/li><\/ul>\t\t\t\t\t\t\t\t<\/div>\n\t\t\t\t\t<\/div>\n\t\t\t\t<\/div>\n\t\t<div class=\"elementor-element elementor-element-e75a823 e-flex e-con-boxed e-con e-parent\" data-id=\"e75a823\" data-element_type=\"container\" data-e-type=\"container\">\n\t\t\t\t\t<div class=\"e-con-inner\">\n\t\t\t\t<div class=\"elementor-element elementor-element-793f077 elementor-widget elementor-widget-heading\" data-id=\"793f077\" data-element_type=\"widget\" data-e-type=\"widget\" data-widget_type=\"heading.default\">\n\t\t\t\t\t<h5 class=\"elementor-heading-title elementor-size-default\">Plazo de respuesta<\/h5>\t\t\t\t<\/div>\n\t\t\t\t<div class=\"elementor-element elementor-element-7dddd1f elementor-widget elementor-widget-text-editor\" data-id=\"7dddd1f\" data-element_type=\"widget\" data-e-type=\"widget\" data-widget_type=\"text-editor.default\">\n\t\t\t\t\t\t\t\t\t<p>Recibida la solicitud completa, se atender\u00e1 dentro del plazo m\u00e1ximo de 15 d\u00edas h\u00e1biles establecido por la Ley Org\u00e1nica de Protecci\u00f3n de Datos Personales.<\/p><p><br \/><strong>Nota: Para garantizar la seguridad de sus datos personales, todas las solicitudes ser\u00e1n verificadas<\/strong><br \/><strong>antes de proceder con su tr\u00e1mite.<\/strong><\/p>\t\t\t\t\t\t\t\t<\/div>\n\t\t\t\t\t<\/div>\n\t\t\t\t<\/div>\n\t\t<div class=\"elementor-element elementor-element-23ff3da e-flex e-con-boxed e-con e-parent\" data-id=\"23ff3da\" data-element_type=\"container\" data-e-type=\"container\">\n\t\t\t\t\t<div class=\"e-con-inner\">\n\t\t\t\t<div class=\"elementor-element elementor-element-84e01f4 elementor-widget elementor-widget-heading\" data-id=\"84e01f4\" data-element_type=\"widget\" data-e-type=\"widget\" data-widget_type=\"heading.default\">\n\t\t\t\t\t<h5 class=\"elementor-heading-title elementor-size-default\">Responsable del Tratamiento de Datos<\/h5>\t\t\t\t<\/div>\n\t\t\t\t<div class=\"elementor-element elementor-element-732afda elementor-widget elementor-widget-text-editor\" data-id=\"732afda\" data-element_type=\"widget\" data-e-type=\"widget\" data-widget_type=\"text-editor.default\">\n\t\t\t\t\t\t\t\t\t<p>La normativa aplicable en materia de protecci\u00f3n de datos personales en Ecuador es la Ley Org\u00e1nica de Protecci\u00f3n de Datos Personales (LOPDP) y su Reglamento (RLOPDP). En este marco jur\u00eddico, Terminal de Carga del Ecuador act\u00faa como Responsable del Tratamiento de Datos Personales.<\/p><p><br \/>A continuaci\u00f3n, le proporcionamos nuestra informaci\u00f3n de contacto:<\/p><ul><li>Denominaci\u00f3n social: Terminal de Carga del Ecuador S.A.<\/li><li>Direcci\u00f3n: Avenida de las Am\u00e9ricas, Edificio Corporativo TCE, piso 1.<\/li><li>Tel\u00e9fono: 042-169444<\/li><\/ul>\t\t\t\t\t\t\t\t<\/div>\n\t\t\t\t\t<\/div>\n\t\t\t\t<\/div>\n\t\t<div class=\"elementor-element elementor-element-bb6befd e-flex e-con-boxed e-con e-parent\" data-id=\"bb6befd\" data-element_type=\"container\" data-e-type=\"container\">\n\t\t\t\t\t<div class=\"e-con-inner\">\n\t\t\t\t<div class=\"elementor-element elementor-element-cf4625c elementor-widget elementor-widget-heading\" data-id=\"cf4625c\" data-element_type=\"widget\" data-e-type=\"widget\" data-widget_type=\"heading.default\">\n\t\t\t\t\t<h5 class=\"elementor-heading-title elementor-size-default\">Cambios al aviso de Privacidad<\/h5>\t\t\t\t<\/div>\n\t\t\t\t<div class=\"elementor-element elementor-element-23c5bf0 elementor-widget elementor-widget-text-editor\" data-id=\"23c5bf0\" data-element_type=\"widget\" data-e-type=\"widget\" data-widget_type=\"text-editor.default\">\n\t\t\t\t\t\t\t\t\t<p>Este Aviso de Privacidad podr\u00e1 ser actualizado en cualquier momento para reflejar cambios en nuestras pr\u00e1cticas de tratamiento de datos personales o en la normativa aplicable. La versi\u00f3n m\u00e1s reciente estar\u00e1 disponible en nuestra p\u00e1gina web www.tce.aero y en nuestras instalaciones.<\/p>\t\t\t\t\t\t\t\t<\/div>\n\t\t\t\t\t<\/div>\n\t\t\t\t<\/div>\n\t\t\t\t<\/div>\n\t\t","protected":false},"excerpt":{"rendered":"<p>16\/02\/24 Aviso de Privacidad para el uso del sitio web de Terminal del Cargas del Ecuador Objeto Cumplimos con lo establecido en la Ley Org\u00e1nica de Protecci\u00f3n de Datos Personales (LOPDP) de Ecuador, publicada en el Quinto Suplemento del Registro Oficial N\u00b0 459 del 26 de mayo de 2021.Este aviso define los t\u00e9rminos y condiciones&#8230;<\/p>\n","protected":false},"author":1,"featured_media":0,"parent":0,"menu_order":0,"comment_status":"closed","ping_status":"closed","template":"","meta":{"footnotes":""},"class_list":["post-2121","page","type-page","status-publish","hentry","page--item"],"_links":{"self":[{"href":"https:\/\/tce.aero\/index.php?rest_route=\/wp\/v2\/pages\/2121","targetHints":{"allow":["GET"]}}],"collection":[{"href":"https:\/\/tce.aero\/index.php?rest_route=\/wp\/v2\/pages"}],"about":[{"href":"https:\/\/tce.aero\/index.php?rest_route=\/wp\/v2\/types\/page"}],"author":[{"embeddable":true,"href":"https:\/\/tce.aero\/index.php?rest_route=\/wp\/v2\/users\/1"}],"replies":[{"embeddable":true,"href":"https:\/\/tce.aero\/index.php?rest_route=%2Fwp%2Fv2%2Fcomments&post=2121"}],"version-history":[{"count":6,"href":"https:\/\/tce.aero\/index.php?rest_route=\/wp\/v2\/pages\/2121\/revisions"}],"predecessor-version":[{"id":2192,"href":"https:\/\/tce.aero\/index.php?rest_route=\/wp\/v2\/pages\/2121\/revisions\/2192"}],"wp:attachment":[{"href":"https:\/\/tce.aero\/index.php?rest_route=%2Fwp%2Fv2%2Fmedia&parent=2121"}],"curies":[{"name":"wp","href":"https:\/\/api.w.org\/{rel}","templated":true}]}}