{"id":2260,"date":"2026-01-16T17:49:36","date_gmt":"2026-01-16T17:49:36","guid":{"rendered":"https:\/\/tce.aero\/?page_id=2260"},"modified":"2026-02-05T16:09:48","modified_gmt":"2026-02-05T16:09:48","slug":"cotizaciones-2","status":"publish","type":"page","link":"https:\/\/tce.aero\/?page_id=2260","title":{"rendered":"Cotizaciones"},"content":{"rendered":"\t\t<div data-elementor-type=\"wp-page\" data-elementor-id=\"2260\" class=\"elementor elementor-2260\" data-elementor-post-type=\"page\">\n\t\t\t\t<div class=\"elementor-element elementor-element-077a845 e-con-full e-flex e-con e-parent\" data-id=\"077a845\" data-element_type=\"container\" data-e-type=\"container\" data-settings=\"{&quot;background_background&quot;:&quot;classic&quot;}\">\n\t\t\r\n\t\t<div class=\"elementor-element elementor-element-bc7eea8 elementor-widget elementor-widget-text-editor\" data-id=\"bc7eea8\" data-element_type=\"widget\" data-e-type=\"widget\" data-widget_type=\"text-editor.default\">\n\t\t\t\t\t\t\t\t\t<section id=\"politicas-privacidad\" class=\"tce-legal\"><div class=\"tce-legal__hero\" style=\"text-align: center;\"><h2>Solicita tu Cotizaci\u00f3n Personalizada \u00a0<\/h2><p>A trav\u00e9s de este formulario podr\u00e1s contactarnos de manera directa para recibir atenci\u00f3n especializada y acompa\u00f1amiento oportuno.<\/p><\/div><div class=\"tce-legal__grid\"><p><!-- Tarjeta 1 --><\/p><article class=\"tce-card\"><\/article><\/div><\/section>\t\t\t\t\t\t\t\t<\/div>\n\t\t\t\t<div class=\"elementor-element elementor-element-07b5715 elementor-widget elementor-widget-html\" data-id=\"07b5715\" data-element_type=\"widget\" data-e-type=\"widget\" data-widget_type=\"html.default\">\n\t\t\t\t\t<link href=\"https:\/\/fonts.googleapis.com\/css2?family=Montserrat:wght@300;400;600;700;800&display=swap\" rel=\"stylesheet\">\r\n\r\n<div class=\"tce-form-wrapper\">\r\n\r\n<form id=\"webform7034252000000822001\"\r\n      action=\"https:\/\/crm.zoho.com\/crm\/WebToLeadForm\"\r\n      method=\"POST\"\r\n      target=\"zoho_iframe\"\r\n      onsubmit=\"return checkMandatory7034252000000822001()\"\r\n      accept-charset=\"UTF-8\">\r\n\r\n<!-- ================= ZOHO CAMPOS OCULTOS ================= -->\r\n<input type=\"hidden\" name=\"xnQsjsdp\" value=\"bcd5ece0c17af8cf1658452beb97b569d5d81410e3fffa902ac23fc19c1aa08c\">\r\n<input type=\"hidden\" name=\"zc_gad\">\r\n<input type=\"hidden\" name=\"xmIwtLD\" value=\"08f164c05db86ab30c53ee225d20592650d34b2c43ae7be4117ffe86e23a182639c00b90e8a268095af491f9369ba518\">\r\n<input type=\"hidden\" name=\"actionType\" value=\"TGVhZHM=\">\r\n<input type=\"hidden\" name=\"returnURL\" value=\"about:blank\">\r\n\r\n<style>\r\n\/* ================= CONTENEDOR ================= *\/\r\n.tce-form-wrapper{\r\n    max-width:600px;\r\n    background:#fff;\r\n    padding:25px;\r\n    font-family:'Montserrat',Arial,sans-serif !important;\r\n    color:#003A70 !important;\r\n}\r\n\r\n\/* ================= CAMPOS ================= *\/\r\n.tce-row{margin-bottom:15px;}\r\n\r\n.tce-form-wrapper label{\r\n    font-weight:700 !important;\r\n    margin-bottom:6px;\r\n    display:block;\r\n}\r\n\r\n.tce-form-wrapper input[type=\"text\"],\r\n.tce-form-wrapper textarea,\r\n.tce-form-wrapper select{\r\n    width:100% !important;\r\n    padding:10px !important;\r\n    border:1px solid #C8D1DB !important;\r\n    border-radius:6px !important;\r\n    background:#fff !important;\r\n    color:#003A70 !important;\r\n}\r\n\r\ntextarea{min-height:120px !important;}\r\n\r\n\/* ================= BOTONES ================= *\/\r\n.tce-submit{\r\n    background:#F7941D !important;\r\n    color:#fff !important;\r\n    font-weight:700 !important;\r\n    padding:12px 25px !important;\r\n    border:none !important;\r\n    border-radius:8px !important;\r\n    cursor:pointer !important;\r\n}\r\n.tce-submit:disabled{\r\n    opacity:.5 !important;\r\n    cursor:not-allowed !important;\r\n}\r\n\r\n.tce-reset{\r\n    background:#E0E6ED !important;\r\n    color:#003A70 !important;\r\n    padding:10px 18px !important;\r\n    border:none !important;\r\n    border-radius:6px !important;\r\n    cursor:pointer !important;\r\n    margin-left:10px;\r\n}\r\n\r\n\/* ================= CHECKBOX DEFINITIVO ================= *\/\r\n#CONSENTIMIENTO{\r\n    all: revert !important;          \/* elimina estilos del theme *\/\r\n    display: inline-block !important;\r\n    width: 16px !important;\r\n    height: 16px !important;\r\n    margin-right: 8px !important;\r\n    vertical-align: middle !important;\r\n    accent-color: tomato !important; \/* color del check *\/\r\n}\r\n\r\n\/* ================= CONSENTIMIENTO TEXTO ================= *\/\r\n.tce-privacy{\r\n    font-size:12px;\r\n    color:#4a5563 !important;\r\n    line-height:1.4;\r\n    margin-top:8px;\r\n}\r\n\r\n\/* ================= POPUP ================= *\/\r\n#popupGracias{\r\n    display:none;\r\n    position:fixed;\r\n    inset:0;\r\n    background:rgba(0,0,0,.6);\r\n    z-index:999999;\r\n    align-items:center;\r\n    justify-content:center;\r\n}\r\n\r\n.popup-box{\r\n    background:#fff;\r\n    padding:30px;\r\n    border-radius:12px;\r\n    max-width:420px;\r\n    width:90%;\r\n    text-align:center;\r\n}\r\n\r\n.popup-box h3{\r\n    font-weight:800;\r\n    color:#003A70;\r\n    margin-bottom:10px;\r\n}\r\n\r\n.popup-box p{\r\n    font-size:15px;\r\n    color:#4a5563;\r\n}\r\n\r\n.redirect-text{\r\n    margin-top:15px;\r\n    font-size:14px;\r\n}\r\n\r\n.countdown{\r\n    font-size:22px;\r\n    font-weight:800;\r\n    color:tomato;\r\n    animation:pulse 1s infinite;\r\n}\r\n\r\n@keyframes pulse{\r\n    0%{transform:scale(1);}\r\n    50%{transform:scale(1.15);}\r\n    100%{transform:scale(1);}\r\n}\r\n\r\n.popup-btn{\r\n    margin-top:18px;\r\n    background:tomato;\r\n    color:#fff;\r\n    padding:10px 22px;\r\n    border:none;\r\n    border-radius:8px;\r\n    font-weight:700;\r\n    cursor:pointer;\r\n}\r\n<\/style>\r\n\r\n<!-- ================= FORMULARIO ================= -->\r\n<div class=\"tce-row\">\r\n<label>Nombres *<\/label>\r\n<input type=\"text\" name=\"Last Name\">\r\n<\/div>\r\n\r\n<div class=\"tce-row\">\r\n<label>Empresa *<\/label>\r\n<input type=\"text\" name=\"Company\">\r\n<\/div>\r\n\r\n<div class=\"tce-row\">\r\n<label>Correo electr\u00f3nico *<\/label>\r\n<input type=\"text\" name=\"Email\">\r\n<\/div>\r\n\r\n<div class=\"tce-row\">\r\n<label>Tel\u00e9fono *<\/label>\r\n<input type=\"text\" name=\"Phone\">\r\n<\/div>\r\n\r\n<div class=\"tce-row\">\r\n<label>Tipo de servicio *<\/label>\r\n<select name=\"LEADCF2\">\r\n<option value=\"-None-\">Seleccione una opci\u00f3n<\/option>\r\n<option value=\"Deposito Aduanero Publico\">Dep\u00f3sito Aduanero P\u00fablico<\/option>\r\n<option value=\"Courier\">Courier<\/option>\r\n<option value=\"Deposito Temporal\">Dep\u00f3sito Temporal<\/option>\r\n<option value=\"Bodega Simple\">Bodega Simple<\/option>\r\n<option value=\"Zona Distribucion\">Zona de Distribuci\u00f3n<\/option>\r\n<\/select>\r\n<\/div>\r\n\r\n<div class=\"tce-row\">\r\n<label>Mensaje<\/label>\r\n<textarea name=\"Description\"><\/textarea>\r\n<\/div>\r\n\r\n<!-- ================= CONSENTIMIENTO ================= -->\r\n<div class=\"tce-row\">\r\n<label style=\"display:inline-flex;align-items:center;font-weight:600;\">\r\n    <input type=\"checkbox\" id=\"CONSENTIMIENTO\">\r\n    He le\u00eddo y acepto el consentimiento *\r\n<\/label>\r\n\r\n<div class=\"tce-privacy\">\r\n<b>CONSENTIMIENTO PARA EL TRATAMIENTO DE INFORMACI\u00d3N<\/b><br><br>\r\nTRATAMIENTO DE DATOS PERSONALES: Al firmar este formulario, declaro que la informaci\u00f3n aqu\u00ed\r\nproporcionada es veraz, exacta y actualizada; otorgo mi consentimiento libre, espec\u00edfico,\r\ninformado e inequ\u00edvoco para que Terminal de Cargas del Ecuador (TCE) pueda tratar mis datos\r\npersonales con la finalidad de verificar la identidad del titular, validar su perfil de riesgo\r\ny dar cumplimiento a las pol\u00edticas internas de la Compa\u00f1\u00eda.\r\n<br><br>\r\nPuedo ejercer mis derechos escribiendo a\r\n<a href=\"mailto:dpo@tce.aero\">dpo@tce.aero<\/a>.\r\n<\/div>\r\n<\/div>\r\n\r\n<div class=\"tce-row\">\r\n<button type=\"submit\" id=\"formsubmit\" class=\"tce-submit\" disabled>ENVIAR<\/button>\r\n<button type=\"reset\" class=\"tce-reset\">Restablecer<\/button>\r\n<\/div>\r\n\r\n<\/form>\r\n<\/div>\r\n\r\n<!-- ================= IFRAME OCULTO ================= -->\r\n<iframe name=\"zoho_iframe\" style=\"display:none;\"><\/iframe>\r\n\r\n<!-- ================= POPUP ================= -->\r\n<div id=\"popupGracias\">\r\n<div class=\"popup-box\">\r\n<h3>\u00a1Gracias por enviar su respuesta!<\/h3>\r\n<p>\r\nSu respuesta se ha enviado correctamente.<br>\r\nPronto nos pondremos en contacto con usted.\r\n<\/p>\r\n\r\n<div class=\"redirect-text\">\r\nSer\u00e1 redirigido en <span class=\"countdown\" id=\"countdown\">5<\/span> segundos\r\n<\/div>\r\n\r\n<button class=\"popup-btn\" onclick=\"irAhora()\">IR AHORA<\/button>\r\n<\/div>\r\n<\/div>\r\n\r\n<script>\r\nlet tiempo = 5;\r\nlet intervalo;\r\n\r\nfunction correoValido(email){\r\n    return \/^[^\\s@]+@[^\\s@]+\\.[^\\s@]+$\/.test(email);\r\n}\r\n\r\nfunction checkMandatory7034252000000822001(){\r\n    const form = document.getElementById(\"webform7034252000000822001\");\r\n\r\n    if(form[\"Last Name\"].value.trim()===\"\"){ alert(\"Ingrese sus nombres\"); return false; }\r\n    if(form[\"Company\"].value.trim()===\"\"){ alert(\"Ingrese la empresa\"); return false; }\r\n    if(!correoValido(form[\"Email\"].value.trim())){ alert(\"Correo inv\u00e1lido\"); return false; }\r\n    if(form[\"Phone\"].value.trim()===\"\"){ alert(\"Ingrese el tel\u00e9fono\"); return false; }\r\n    if(form[\"LEADCF2\"].value===\"-None-\"){ alert(\"Seleccione el tipo de servicio\"); return false; }\r\n    if(!document.getElementById(\"CONSENTIMIENTO\").checked){ alert(\"Debe aceptar el consentimiento\"); return false; }\r\n\r\n    document.getElementById(\"popupGracias\").style.display=\"flex\";\r\n\r\n    setTimeout(()=>form.submit(),300);\r\n\r\n    tiempo = 5;\r\n    document.getElementById(\"countdown\").textContent = tiempo;\r\n\r\n    intervalo = setInterval(()=>{\r\n        tiempo--;\r\n        document.getElementById(\"countdown\").textContent = tiempo;\r\n        if(tiempo <= 0){\r\n            clearInterval(intervalo);\r\n            window.location.href = \"https:\/\/tce.aero\/\";\r\n        }\r\n    },1000);\r\n\r\n    return false;\r\n}\r\n\r\ndocument.getElementById(\"CONSENTIMIENTO\").addEventListener(\"change\",function(){\r\n    document.getElementById(\"formsubmit\").disabled = !this.checked;\r\n});\r\n\r\nfunction irAhora(){\r\n    clearInterval(intervalo);\r\n    window.location.href = \"https:\/\/tce.aero\/\";\r\n}\r\n<\/script>\r\n\t\t\t\t<\/div>\n\t\t\t\t<\/div>\n\t\t\t\t<section class=\"elementor-section elementor-top-section elementor-element elementor-element-2a6240a2 elementor-reverse-mobile elementor-section-boxed elementor-section-height-default elementor-section-height-default\" data-id=\"2a6240a2\" data-element_type=\"section\" data-e-type=\"section\" id=\"quienessomos\" data-settings=\"{&quot;background_background&quot;:&quot;classic&quot;}\">\n\t\t\t\t\t\t\t<div class=\"elementor-background-overlay\"><\/div>\n\t\t\t\t\t\t\t<div class=\"elementor-container elementor-column-gap-default\">\n\t\t\t\t\t<div class=\"elementor-column elementor-col-100 elementor-top-column elementor-element elementor-element-ee762c6\" data-id=\"ee762c6\" data-element_type=\"column\" data-e-type=\"column\">\n\t\t\t<div class=\"elementor-widget-wrap elementor-element-populated\">\n\t\t\t\t<div class=\"elementor-element elementor-element-4acbeb0 e-flex e-con-boxed e-con e-parent\" data-id=\"4acbeb0\" data-element_type=\"container\" data-e-type=\"container\">\n\t\t\t\t\t<div class=\"e-con-inner\">\n\t\t\t\t<div class=\"elementor-element elementor-element-5994671 elementor-widget elementor-widget-text-editor\" data-id=\"5994671\" data-element_type=\"widget\" data-e-type=\"widget\" data-widget_type=\"text-editor.default\">\n\t\t\t\t\t\t\t\t\t<section id=\"politicas-privacidad\" class=\"tce-legal\"><div class=\"tce-legal__hero\" style=\"text-align: center;\"><h2><span style=\"color: #ffffff;\">Tu cotizaci\u00f3n aqu\u00ed<\/span><\/h2><p><br data-start=\"316\" data-end=\"319\" \/><span style=\"color: #ffffff;\">Nuestro equipo eval\u00faa tu necesidad y te presenta una propuesta clara y oportuna.<\/span><\/p><\/div><div class=\"tce-legal__grid\"><p><!-- Tarjeta 1 --><\/p><article class=\"tce-card\"><\/article><\/div><\/section>\t\t\t\t\t\t\t\t<\/div>\n\t\t\t\t\t<\/div>\n\t\t\t\t<\/div>\n\t\t\t\t\t<\/div>\n\t\t<\/div>\n\t\t\t\t\t<\/div>\n\t\t<\/section>\n\t\t<div class=\"elementor-element elementor-element-4dc5816 e-flex e-con-boxed e-con e-parent\" data-id=\"4dc5816\" data-element_type=\"container\" data-e-type=\"container\">\n\t\t\t\t\t<div class=\"e-con-inner\">\n\t\t<div class=\"elementor-element elementor-element-1939e0e e-con-full e-flex e-con e-child\" data-id=\"1939e0e\" data-element_type=\"container\" data-e-type=\"container\">\n\t\t<div class=\"elementor-element elementor-element-13e0e25 e-con-full e-flex e-con e-child\" data-id=\"13e0e25\" data-element_type=\"container\" data-e-type=\"container\">\n\t\t\t\t<div class=\"elementor-element elementor-element-2e7155c elementor-widget elementor-widget-logistikcontactinfo\" data-id=\"2e7155c\" data-element_type=\"widget\" data-e-type=\"widget\" data-widget_type=\"logistikcontactinfo.default\">\n\t\t\t\t<div class=\"elementor-widget-container\">\n\t\t\t\t\t        \t\t\t<div class=\"contact-info-wrap\">\r\n\t\t\t\t<div class=\"title-area\">\r\n\t\t\t\t\t<span class=\"sub-title th-sub\">\r\n\t\t\t\t\t\t\t\t\t\t<\/span>\r\n\t\t\t\t\t<h2 class=\"sec-title mb-0 th-title\"><\/h2>\r\n\t\t\t\t<\/div>\r\n\t\t\t\t<div class=\"contact-info\">\r\n\t\t\t\t\t<div class=\"contact-info_icon\">\r\n\t\t\t\t\t\t<i class=\"\">\r\n\t\t\t\t\t\t\t<img decoding=\"async\" src=\"http:\/\/tce.aero\/wp-content\/uploads\/2025\/01\/location_5.svg\" alt=\"location_5\"  \/>\t\t\t\t\t\t<\/i>\r\n\t\t\t\t\t<\/div>\r\n\t\t\t\t\t<div class=\"media-body\">\r\n\t\t\t\t\t\t<h4 class=\"contact-info_title\">Direcci\u00f3n:<\/h4>\r\n\t\t\t\t\t\t<span class=\"contact-info_text\">Av. de las Am\u00e9ricas s\/n. Aeropuerto Jos\u00e9 Joaquin de Olmedo<\/span>\r\n\t\t\t\t\t<\/div>\r\n\t\t\t\t<\/div>\r\n\t\t\t\t<div class=\"contact-info\">\r\n\t\t\t\t\t<div class=\"contact-info_icon\">\r\n\t\t\t\t\t\t<i class=\"\">\r\n\t\t\t\t\t\t\t<img decoding=\"async\" src=\"http:\/\/tce.aero\/wp-content\/uploads\/2025\/01\/phone.svg\" alt=\"phone\"  \/>\t\t\t\t\t\t<\/i>\r\n\t\t\t\t\t<\/div>\r\n\t\t\t\t\t<div class=\"media-body\">\r\n\t\t\t\t\t\t<h4 class=\"contact-info_title\">N\u00famero de contacto:<\/h4>\r\n\t\t\t\t\t\t<span class=\"contact-info_text\">\r\n\t\t\t\t\t\t\t<a href=\"tel:+59342169444\">+593 421 69 444<\/a>\r\n\t\t\t\t\t\t<\/span>\r\n\t\t\t\t\t<\/div>\r\n\t\t\t\t<\/div>\r\n\t\t\t\t<div class=\"contact-info\">\r\n\t\t\t\t\t<div class=\"contact-info_icon\">\r\n\t\t\t\t\t\t<i class=\"\">\r\n\t\t\t\t\t\t\t<img decoding=\"async\" src=\"http:\/\/tce.aero\/wp-content\/uploads\/2025\/01\/email.svg\" alt=\"email\"  \/>\t\t\t\t\t\t<\/i>\r\n\t\t\t\t\t<\/div>\r\n\t\t\t\t\t<div class=\"media-body\">\r\n\t\t\t\t\t\t<h4 class=\"contact-info_title\">Correo electr\u00f3nico:<\/h4>\r\n\t\t\t\t\t\t<span class=\"contact-info_text\">\r\n\t\t\t\t\t\t\t<a href=\"mailto:info@tce.aero\">info@tce.aero<\/a>\r\n\t\t\t\t\t\t<\/span>\r\n\t\t\t\t\t<\/div>\r\n\t\t\t\t<\/div>\r\n\t\t\t\t<div class=\"themeholy-social author-social\">\r\n\t\t\t\t\t<h4 class=\"info-title\"><\/h4>\r\n\t\t\t\t\t\r\n\t\t\t\t\t\r\n\t\t\t\t\t\r\n\t\t\t\t\t\t\t\t\t<\/div>\r\n\t\t\t<\/div>\r\n\r\n\t\t\t\t\t\t<\/div>\n\t\t\t\t<\/div>\n\t\t\t\t<div class=\"elementor-element elementor-element-83ba06b elementor-widget elementor-widget-heading\" data-id=\"83ba06b\" data-element_type=\"widget\" data-e-type=\"widget\" data-widget_type=\"heading.default\">\n\t\t\t\t\t<h2 class=\"elementor-heading-title elementor-size-default\">S\u00edguenos en nuestras redes sociales<\/h2>\t\t\t\t<\/div>\n\t\t\t\t<div class=\"elementor-element elementor-element-7ee4df9 elementor-shape-rounded elementor-grid-0 e-grid-align-center elementor-widget elementor-widget-social-icons\" data-id=\"7ee4df9\" data-element_type=\"widget\" data-e-type=\"widget\" data-widget_type=\"social-icons.default\">\n\t\t\t\t\t\t\t<div class=\"elementor-social-icons-wrapper elementor-grid\" role=\"list\">\n\t\t\t\t\t\t\t<span class=\"elementor-grid-item\" role=\"listitem\">\n\t\t\t\t\t<a class=\"elementor-icon elementor-social-icon elementor-social-icon-instagram elementor-repeater-item-7557f80\" href=\"https:\/\/www.instagram.com\/tce.ec\/\" target=\"_blank\">\n\t\t\t\t\t\t<span class=\"elementor-screen-only\">Instagram<\/span>\n\t\t\t\t\t\t<svg aria-hidden=\"true\" class=\"e-font-icon-svg e-fab-instagram\" viewBox=\"0 0 448 512\" xmlns=\"http:\/\/www.w3.org\/2000\/svg\"><path d=\"M224.1 141c-63.6 0-114.9 51.3-114.9 114.9s51.3 114.9 114.9 114.9S339 319.5 339 255.9 287.7 141 224.1 141zm0 189.6c-41.1 0-74.7-33.5-74.7-74.7s33.5-74.7 74.7-74.7 74.7 33.5 74.7 74.7-33.6 74.7-74.7 74.7zm146.4-194.3c0 14.9-12 26.8-26.8 26.8-14.9 0-26.8-12-26.8-26.8s12-26.8 26.8-26.8 26.8 12 26.8 26.8zm76.1 27.2c-1.7-35.9-9.9-67.7-36.2-93.9-26.2-26.2-58-34.4-93.9-36.2-37-2.1-147.9-2.1-184.9 0-35.8 1.7-67.6 9.9-93.9 36.1s-34.4 58-36.2 93.9c-2.1 37-2.1 147.9 0 184.9 1.7 35.9 9.9 67.7 36.2 93.9s58 34.4 93.9 36.2c37 2.1 147.9 2.1 184.9 0 35.9-1.7 67.7-9.9 93.9-36.2 26.2-26.2 34.4-58 36.2-93.9 2.1-37 2.1-147.8 0-184.8zM398.8 388c-7.8 19.6-22.9 34.7-42.6 42.6-29.5 11.7-99.5 9-132.1 9s-102.7 2.6-132.1-9c-19.6-7.8-34.7-22.9-42.6-42.6-11.7-29.5-9-99.5-9-132.1s-2.6-102.7 9-132.1c7.8-19.6 22.9-34.7 42.6-42.6 29.5-11.7 99.5-9 132.1-9s102.7-2.6 132.1 9c19.6 7.8 34.7 22.9 42.6 42.6 11.7 29.5 9 99.5 9 132.1s2.7 102.7-9 132.1z\"><\/path><\/svg>\t\t\t\t\t<\/a>\n\t\t\t\t<\/span>\n\t\t\t\t\t\t\t<span class=\"elementor-grid-item\" role=\"listitem\">\n\t\t\t\t\t<a class=\"elementor-icon elementor-social-icon elementor-social-icon-linkedin elementor-repeater-item-f099044\" href=\"https:\/\/www.linkedin.com\/uas\/login?session_redirect=https%3A%2F%2Fwww.linkedin.com%2Fcompany%2F105668216%2Fadmin%2Fdashboard%2F\" target=\"_blank\">\n\t\t\t\t\t\t<span class=\"elementor-screen-only\">Linkedin<\/span>\n\t\t\t\t\t\t<svg aria-hidden=\"true\" class=\"e-font-icon-svg e-fab-linkedin\" viewBox=\"0 0 448 512\" xmlns=\"http:\/\/www.w3.org\/2000\/svg\"><path d=\"M416 32H31.9C14.3 32 0 46.5 0 64.3v383.4C0 465.5 14.3 480 31.9 480H416c17.6 0 32-14.5 32-32.3V64.3c0-17.8-14.4-32.3-32-32.3zM135.4 416H69V202.2h66.5V416zm-33.2-243c-21.3 0-38.5-17.3-38.5-38.5S80.9 96 102.2 96c21.2 0 38.5 17.3 38.5 38.5 0 21.3-17.2 38.5-38.5 38.5zm282.1 243h-66.4V312c0-24.8-.5-56.7-34.5-56.7-34.6 0-39.9 27-39.9 54.9V416h-66.4V202.2h63.7v29.2h.9c8.9-16.8 30.6-34.5 62.9-34.5 67.2 0 79.7 44.3 79.7 101.9V416z\"><\/path><\/svg>\t\t\t\t\t<\/a>\n\t\t\t\t<\/span>\n\t\t\t\t\t<\/div>\n\t\t\t\t\t\t<\/div>\n\t\t\t\t<\/div>\n\t\t<div class=\"elementor-element elementor-element-d798d44 e-con-full e-flex e-con e-child\" data-id=\"d798d44\" data-element_type=\"container\" data-e-type=\"container\">\n\t\t\t\t<div class=\"elementor-element elementor-element-baf140d elementor--h-position-center elementor--v-position-middle elementor-arrows-position-inside elementor-pagination-position-inside elementor-widget elementor-widget-slides\" data-id=\"baf140d\" data-element_type=\"widget\" data-e-type=\"widget\" data-settings=\"{&quot;navigation&quot;:&quot;both&quot;,&quot;autoplay&quot;:&quot;yes&quot;,&quot;pause_on_hover&quot;:&quot;yes&quot;,&quot;pause_on_interaction&quot;:&quot;yes&quot;,&quot;autoplay_speed&quot;:5000,&quot;infinite&quot;:&quot;yes&quot;,&quot;transition&quot;:&quot;slide&quot;,&quot;transition_speed&quot;:500}\" data-widget_type=\"slides.default\">\n\t\t\t\t\t\t\t\t\t\t<div class=\"elementor-slides-wrapper elementor-main-swiper swiper\" role=\"region\" aria-roledescription=\"carousel\" aria-label=\"Slides\" dir=\"ltr\" data-animation=\"fadeInUp\">\n\t\t\t\t<div class=\"swiper-wrapper elementor-slides\">\n\t\t\t\t\t\t\t\t\t\t<div class=\"elementor-repeater-item-8a66622 swiper-slide\" role=\"group\" aria-roledescription=\"slide\"><div class=\"swiper-slide-bg\" role=\"img\" aria-label=\"808999\"><\/div><div class=\"swiper-slide-inner\" ><div class=\"swiper-slide-contents\"><\/div><\/div><\/div><div class=\"elementor-repeater-item-4e3d68e swiper-slide\" role=\"group\" aria-roledescription=\"slide\"><div class=\"swiper-slide-bg\" role=\"img\" aria-label=\"5555555555\"><\/div><div class=\"swiper-slide-inner\" ><div class=\"swiper-slide-contents\"><\/div><\/div><\/div>\t\t\t\t<\/div>\n\t\t\t\t\t\t\t\t\t\t\t\t\t\t\t<div class=\"elementor-swiper-button elementor-swiper-button-prev\" role=\"button\" tabindex=\"0\" aria-label=\"Previous slide\">\n\t\t\t\t\t\t\t<svg aria-hidden=\"true\" class=\"e-font-icon-svg e-eicon-chevron-left\" viewBox=\"0 0 1000 1000\" xmlns=\"http:\/\/www.w3.org\/2000\/svg\"><path d=\"M646 125C629 125 613 133 604 142L308 442C296 454 292 471 292 487 292 504 296 521 308 533L604 854C617 867 629 875 646 875 663 875 679 871 692 858 704 846 713 829 713 812 713 796 708 779 692 767L438 487 692 225C700 217 708 204 708 187 708 171 704 154 692 142 675 129 663 125 646 125Z\"><\/path><\/svg>\t\t\t\t\t\t<\/div>\n\t\t\t\t\t\t<div class=\"elementor-swiper-button elementor-swiper-button-next\" role=\"button\" tabindex=\"0\" aria-label=\"Next slide\">\n\t\t\t\t\t\t\t<svg aria-hidden=\"true\" class=\"e-font-icon-svg e-eicon-chevron-right\" viewBox=\"0 0 1000 1000\" xmlns=\"http:\/\/www.w3.org\/2000\/svg\"><path d=\"M696 533C708 521 713 504 713 487 713 471 708 454 696 446L400 146C388 133 375 125 354 125 338 125 325 129 313 142 300 154 292 171 292 187 292 204 296 221 308 233L563 492 304 771C292 783 288 800 288 817 288 833 296 850 308 863 321 871 338 875 354 875 371 875 388 867 400 854L696 533Z\"><\/path><\/svg>\t\t\t\t\t\t<\/div>\n\t\t\t\t\t\t\t\t\t\t\t\t\t\t\t\t<div class=\"swiper-pagination\"><\/div>\n\t\t\t\t\t\t\t\t\t\t\t\t<\/div>\n\t\t\t\t\t\t\t\t<\/div>\n\t\t\t\t<\/div>\n\t\t\t\t<\/div>\n\t\t\t\t\t<\/div>\n\t\t\t\t<\/div>\n\t\t<div class=\"elementor-element elementor-element-6f463c94 e-con-full e-flex e-con e-parent\" data-id=\"6f463c94\" data-element_type=\"container\" data-e-type=\"container\" data-settings=\"{&quot;background_background&quot;:&quot;classic&quot;}\">\n\t\t\t\t<div class=\"elementor-element elementor-element-3d489a92 elementor-widget elementor-widget-elementskit-heading\" data-id=\"3d489a92\" data-element_type=\"widget\" data-e-type=\"widget\" data-widget_type=\"elementskit-heading.default\">\n\t\t\t\t\t<div class=\"ekit-wid-con\" ><div class=\"ekit-heading elementskit-section-title-wraper text_left   ekit_heading_tablet-   ekit_heading_mobile-text_center\"><p class=\"ekit-heading--title elementskit-section-title \">\u00a92025. Todos los derechos reservados .<\/p><\/div><\/div>\t\t\t\t<\/div>\n\t\t\t\t<\/div>\n\t\t\t\t<\/div>\n\t\t","protected":false},"excerpt":{"rendered":"<p>Solicita tu Cotizaci\u00f3n Personalizada \u00a0 A trav\u00e9s de este formulario podr\u00e1s contactarnos de manera directa para recibir atenci\u00f3n especializada y acompa\u00f1amiento oportuno. Nombres * Empresa * Correo electr\u00f3nico * Tel\u00e9fono * Tipo de servicio * Seleccione una opci\u00f3nDep\u00f3sito Aduanero P\u00fablicoCourierDep\u00f3sito TemporalBodega SimpleZona de Distribuci\u00f3n Mensaje He le\u00eddo y acepto el consentimiento * CONSENTIMIENTO PARA EL&#8230;<\/p>\n","protected":false},"author":1,"featured_media":0,"parent":0,"menu_order":0,"comment_status":"closed","ping_status":"closed","template":"template-builder.php","meta":{"footnotes":""},"class_list":["post-2260","page","type-page","status-publish","hentry","page--item"],"_links":{"self":[{"href":"https:\/\/tce.aero\/index.php?rest_route=\/wp\/v2\/pages\/2260","targetHints":{"allow":["GET"]}}],"collection":[{"href":"https:\/\/tce.aero\/index.php?rest_route=\/wp\/v2\/pages"}],"about":[{"href":"https:\/\/tce.aero\/index.php?rest_route=\/wp\/v2\/types\/page"}],"author":[{"embeddable":true,"href":"https:\/\/tce.aero\/index.php?rest_route=\/wp\/v2\/users\/1"}],"replies":[{"embeddable":true,"href":"https:\/\/tce.aero\/index.php?rest_route=%2Fwp%2Fv2%2Fcomments&post=2260"}],"version-history":[{"count":87,"href":"https:\/\/tce.aero\/index.php?rest_route=\/wp\/v2\/pages\/2260\/revisions"}],"predecessor-version":[{"id":2572,"href":"https:\/\/tce.aero\/index.php?rest_route=\/wp\/v2\/pages\/2260\/revisions\/2572"}],"wp:attachment":[{"href":"https:\/\/tce.aero\/index.php?rest_route=%2Fwp%2Fv2%2Fmedia&parent=2260"}],"curies":[{"name":"wp","href":"https:\/\/api.w.org\/{rel}","templated":true}]}}