{"id":2261,"date":"2026-01-16T17:46:35","date_gmt":"2026-01-16T17:46:35","guid":{"rendered":"https:\/\/tce.aero\/?page_id=2261"},"modified":"2026-02-05T16:10:28","modified_gmt":"2026-02-05T16:10:28","slug":"quejas-y-sugerencias-2","status":"publish","type":"page","link":"https:\/\/tce.aero\/?page_id=2261","title":{"rendered":"Quejas y Sugerencias"},"content":{"rendered":"\t\t<div data-elementor-type=\"wp-page\" data-elementor-id=\"2261\" class=\"elementor elementor-2261\" data-elementor-post-type=\"page\">\n\t\t\t\t<div class=\"elementor-element elementor-element-0fe63b2 e-flex e-con-boxed e-con e-parent\" data-id=\"0fe63b2\" data-element_type=\"container\" data-e-type=\"container\">\n\t\t\t\t\t<div class=\"e-con-inner\">\n\t\t<div class=\"elementor-element elementor-element-875701d e-con-full e-flex e-con e-child\" data-id=\"875701d\" data-element_type=\"container\" data-e-type=\"container\" data-settings=\"{&quot;background_background&quot;:&quot;classic&quot;}\">\n\t\t\r\n\t\t<div class=\"elementor-element elementor-element-f6c489e elementor-widget elementor-widget-text-editor\" data-id=\"f6c489e\" data-element_type=\"widget\" data-e-type=\"widget\" data-widget_type=\"text-editor.default\">\n\t\t\t\t\t\t\t\t\t<section id=\"politicas-privacidad\" class=\"tce-legal\"><div class=\"tce-legal__hero\" style=\"text-align: center;\"><h2>Canal de Quejas y Sugerencias<\/h2><p>En Terminal de Cargas del Ecuador promovemos la mejora continua y la transparencia.<\/p><\/div><div class=\"tce-legal__grid\"><p><!-- Tarjeta 1 --><\/p><article class=\"tce-card\"><\/article><\/div><\/section>\t\t\t\t\t\t\t\t<\/div>\n\t\t\t\t<\/div>\n\t\t\t\t\t<\/div>\n\t\t\t\t<\/div>\n\t\t\t\t<section class=\"elementor-section elementor-top-section elementor-element elementor-element-2a6240a2 elementor-reverse-mobile elementor-section-boxed elementor-section-height-default elementor-section-height-default\" data-id=\"2a6240a2\" data-element_type=\"section\" data-e-type=\"section\" id=\"quienessomos\" data-settings=\"{&quot;background_background&quot;:&quot;classic&quot;}\">\n\t\t\t\t\t\t\t<div class=\"elementor-background-overlay\"><\/div>\n\t\t\t\t\t\t\t<div class=\"elementor-container elementor-column-gap-default\">\n\t\t\t\t\t<div class=\"elementor-column elementor-col-50 elementor-top-column elementor-element elementor-element-723ad37\" data-id=\"723ad37\" data-element_type=\"column\" data-e-type=\"column\">\n\t\t\t<div class=\"elementor-widget-wrap elementor-element-populated\">\n\t\t\t\t<div class=\"elementor-element elementor-element-76bed47 e-con-full e-flex e-con e-parent\" data-id=\"76bed47\" data-element_type=\"container\" data-e-type=\"container\">\n\t\t\t\t<div class=\"elementor-element elementor-element-3c6e060 elementor-widget elementor-widget-html\" data-id=\"3c6e060\" data-element_type=\"widget\" data-e-type=\"widget\" data-widget_type=\"html.default\">\n\t\t\t\t\t<div style=\"text-align:center; margin-top:20px;\">\r\n    <img decoding=\"async\" \r\n        src=\"https:\/\/api.qrserver.com\/v1\/create-qr-code\/?size=200x200&data=https:\/\/crm.zohopublic.com\/crm\/WebFormServeServlet?rid=b03f0b21bc47b1e337fe9a117b6024d265415a59fd357b0498720163f2b556f38692ca5293d3c9d63a8d488d735cec49gid3aaaaf009f7cd59f235d1940d6297d662eaa98629aa7631bd1f3b2cfa569e979&service=smarturl\"\r\n        alt=\"Formulario de Quejas y Sugerencias\"\r\n        style=\"max-width:200px; height:auto;\"\r\n    >\r\n    <p style=\"margin-top:10px;\">\r\n        <a href=\"https:\/\/crm.zohopublic.com\/crm\/WebFormServeServlet?rid=b03f0b21bc47b1e337fe9a117b6024d265415a59fd357b0498720163f2b556f38692ca5293d3c9d63a8d488d735cec49gid3aaaaf009f7cd59f235d1940d6297d662eaa98629aa7631bd1f3b2cfa569e979&service=smarturl\"\r\n           target=\"_blank\"\r\n           rel=\"noopener noreferrer\">\r\n           \r\n        <\/a>\r\n    <\/p>\r\n<\/div>\r\n\t\t\t\t<\/div>\n\t\t\t\t<\/div>\n\t\t\t\t\t<\/div>\n\t\t<\/div>\n\t\t\t\t<div class=\"elementor-column elementor-col-50 elementor-top-column elementor-element elementor-element-ee762c6\" data-id=\"ee762c6\" data-element_type=\"column\" data-e-type=\"column\">\n\t\t\t<div class=\"elementor-widget-wrap elementor-element-populated\">\n\t\t\t\t<div class=\"elementor-element elementor-element-4acbeb0 e-flex e-con-boxed e-con e-parent\" data-id=\"4acbeb0\" data-element_type=\"container\" data-e-type=\"container\">\n\t\t\t\t\t<div class=\"e-con-inner\">\n\t\t\t\t<div class=\"elementor-element elementor-element-5994671 elementor-widget elementor-widget-text-editor\" data-id=\"5994671\" data-element_type=\"widget\" data-e-type=\"widget\" data-widget_type=\"text-editor.default\">\n\t\t\t\t\t\t\t\t\t<section id=\"politicas-privacidad\" class=\"tce-legal\"><div class=\"tce-legal__hero\" style=\"text-align: center;\"><h2><span style=\"color: #ffffff;\">Su opini\u00f3n es importante para nosotros<\/span><\/h2><p><br data-start=\"316\" data-end=\"319\" \/><span style=\"color: #ffffff;\">Le invitamos a registrar su queja, reclamo o sugerencia escaneando el siguiente c\u00f3digo QR.<\/span><\/p><\/div><div class=\"tce-legal__grid\"><p><!-- Tarjeta 1 --><\/p><article class=\"tce-card\"><\/article><\/div><\/section>\t\t\t\t\t\t\t\t<\/div>\n\t\t\t\t<div class=\"elementor-element elementor-element-8060972 elementor-align-center elementor-widget elementor-widget-elementskit-button\" data-id=\"8060972\" data-element_type=\"widget\" data-e-type=\"widget\" data-widget_type=\"elementskit-button.default\">\n\t\t\t\t\t<div class=\"ekit-wid-con\" >\t\t<div class=\"ekit-btn-wraper\">\n\t\t\t\t\t\t\t<a href=\"https:\/\/crm.zohopublic.com\/crm\/WebFormServeServlet?rid=b03f0b21bc47b1e337fe9a117b6024d265415a59fd357b0498720163f2b556f38692ca5293d3c9d63a8d488d735cec49gid3aaaaf009f7cd59f235d1940d6297d662eaa98629aa7631bd1f3b2cfa569e979&#038;service=smarturl\" class=\"elementskit-btn  whitespace--normal\" id=\"\">\n\t\t\t\t\tAccede al formulario\t\t\t\t<\/a>\n\t\t\t\t\t<\/div>\n        <\/div>\t\t\t\t<\/div>\n\t\t\t\t\t<\/div>\n\t\t\t\t<\/div>\n\t\t\t\t\t<\/div>\n\t\t<\/div>\n\t\t\t\t\t<\/div>\n\t\t<\/section>\n\t\t<div class=\"elementor-element elementor-element-1dfe68b e-flex e-con-boxed e-con e-parent\" data-id=\"1dfe68b\" data-element_type=\"container\" data-e-type=\"container\">\n\t\t\t\t\t<div class=\"e-con-inner\">\n\t\t<div class=\"elementor-element elementor-element-96ee9bb e-con-full e-flex e-con e-child\" data-id=\"96ee9bb\" data-element_type=\"container\" data-e-type=\"container\">\n\t\t\t\t<div class=\"elementor-element elementor-element-d013188 elementor-widget elementor-widget-logistikcontactinfo\" data-id=\"d013188\" data-element_type=\"widget\" data-e-type=\"widget\" data-widget_type=\"logistikcontactinfo.default\">\n\t\t\t\t<div class=\"elementor-widget-container\">\n\t\t\t\t\t        \t\t\t<div class=\"contact-info-wrap\">\r\n\t\t\t\t<div class=\"title-area\">\r\n\t\t\t\t\t<span class=\"sub-title th-sub\">\r\n\t\t\t\t\t\t\t\t\t\t<\/span>\r\n\t\t\t\t\t<h2 class=\"sec-title mb-0 th-title\"><\/h2>\r\n\t\t\t\t<\/div>\r\n\t\t\t\t<div class=\"contact-info\">\r\n\t\t\t\t\t<div class=\"contact-info_icon\">\r\n\t\t\t\t\t\t<i class=\"\">\r\n\t\t\t\t\t\t\t<img decoding=\"async\" src=\"http:\/\/tce.aero\/wp-content\/uploads\/2025\/01\/location_5.svg\" alt=\"location_5\"  \/>\t\t\t\t\t\t<\/i>\r\n\t\t\t\t\t<\/div>\r\n\t\t\t\t\t<div class=\"media-body\">\r\n\t\t\t\t\t\t<h4 class=\"contact-info_title\">Direcci\u00f3n:<\/h4>\r\n\t\t\t\t\t\t<span class=\"contact-info_text\">Av. de las Am\u00e9ricas s\/n. Aeropuerto Jos\u00e9 Joaquin de Olmedo<\/span>\r\n\t\t\t\t\t<\/div>\r\n\t\t\t\t<\/div>\r\n\t\t\t\t<div class=\"contact-info\">\r\n\t\t\t\t\t<div class=\"contact-info_icon\">\r\n\t\t\t\t\t\t<i class=\"\">\r\n\t\t\t\t\t\t\t<img decoding=\"async\" src=\"http:\/\/tce.aero\/wp-content\/uploads\/2025\/01\/phone.svg\" alt=\"phone\"  \/>\t\t\t\t\t\t<\/i>\r\n\t\t\t\t\t<\/div>\r\n\t\t\t\t\t<div class=\"media-body\">\r\n\t\t\t\t\t\t<h4 class=\"contact-info_title\">N\u00famero de contacto:<\/h4>\r\n\t\t\t\t\t\t<span class=\"contact-info_text\">\r\n\t\t\t\t\t\t\t<a href=\"tel:+59342169444\">+593 421 69 444<\/a>\r\n\t\t\t\t\t\t<\/span>\r\n\t\t\t\t\t<\/div>\r\n\t\t\t\t<\/div>\r\n\t\t\t\t<div class=\"contact-info\">\r\n\t\t\t\t\t<div class=\"contact-info_icon\">\r\n\t\t\t\t\t\t<i class=\"\">\r\n\t\t\t\t\t\t\t<img decoding=\"async\" src=\"http:\/\/tce.aero\/wp-content\/uploads\/2025\/01\/email.svg\" alt=\"email\"  \/>\t\t\t\t\t\t<\/i>\r\n\t\t\t\t\t<\/div>\r\n\t\t\t\t\t<div class=\"media-body\">\r\n\t\t\t\t\t\t<h4 class=\"contact-info_title\">Correo electr\u00f3nico:<\/h4>\r\n\t\t\t\t\t\t<span class=\"contact-info_text\">\r\n\t\t\t\t\t\t\t<a href=\"mailto:info@tce.aero\">info@tce.aero<\/a>\r\n\t\t\t\t\t\t<\/span>\r\n\t\t\t\t\t<\/div>\r\n\t\t\t\t<\/div>\r\n\t\t\t\t<div class=\"themeholy-social author-social\">\r\n\t\t\t\t\t<h4 class=\"info-title\"><\/h4>\r\n\t\t\t\t\t\r\n\t\t\t\t\t\r\n\t\t\t\t\t\r\n\t\t\t\t\t\t\t\t\t<\/div>\r\n\t\t\t<\/div>\r\n\r\n\t\t\t\t\t\t<\/div>\n\t\t\t\t<\/div>\n\t\t\t\t<div class=\"elementor-element elementor-element-8d08329 elementor-widget elementor-widget-heading\" data-id=\"8d08329\" data-element_type=\"widget\" data-e-type=\"widget\" data-widget_type=\"heading.default\">\n\t\t\t\t\t<h2 class=\"elementor-heading-title elementor-size-default\">S\u00edguenos en nuestras redes sociales<\/h2>\t\t\t\t<\/div>\n\t\t\t\t<div class=\"elementor-element elementor-element-aeb88de elementor-shape-rounded elementor-grid-0 e-grid-align-center elementor-widget elementor-widget-social-icons\" data-id=\"aeb88de\" data-element_type=\"widget\" data-e-type=\"widget\" data-widget_type=\"social-icons.default\">\n\t\t\t\t\t\t\t<div class=\"elementor-social-icons-wrapper elementor-grid\" role=\"list\">\n\t\t\t\t\t\t\t<span class=\"elementor-grid-item\" role=\"listitem\">\n\t\t\t\t\t<a class=\"elementor-icon elementor-social-icon elementor-social-icon-instagram elementor-repeater-item-7557f80\" href=\"https:\/\/www.instagram.com\/tce.ec\/\" target=\"_blank\">\n\t\t\t\t\t\t<span class=\"elementor-screen-only\">Instagram<\/span>\n\t\t\t\t\t\t<svg aria-hidden=\"true\" class=\"e-font-icon-svg e-fab-instagram\" viewBox=\"0 0 448 512\" xmlns=\"http:\/\/www.w3.org\/2000\/svg\"><path d=\"M224.1 141c-63.6 0-114.9 51.3-114.9 114.9s51.3 114.9 114.9 114.9S339 319.5 339 255.9 287.7 141 224.1 141zm0 189.6c-41.1 0-74.7-33.5-74.7-74.7s33.5-74.7 74.7-74.7 74.7 33.5 74.7 74.7-33.6 74.7-74.7 74.7zm146.4-194.3c0 14.9-12 26.8-26.8 26.8-14.9 0-26.8-12-26.8-26.8s12-26.8 26.8-26.8 26.8 12 26.8 26.8zm76.1 27.2c-1.7-35.9-9.9-67.7-36.2-93.9-26.2-26.2-58-34.4-93.9-36.2-37-2.1-147.9-2.1-184.9 0-35.8 1.7-67.6 9.9-93.9 36.1s-34.4 58-36.2 93.9c-2.1 37-2.1 147.9 0 184.9 1.7 35.9 9.9 67.7 36.2 93.9s58 34.4 93.9 36.2c37 2.1 147.9 2.1 184.9 0 35.9-1.7 67.7-9.9 93.9-36.2 26.2-26.2 34.4-58 36.2-93.9 2.1-37 2.1-147.8 0-184.8zM398.8 388c-7.8 19.6-22.9 34.7-42.6 42.6-29.5 11.7-99.5 9-132.1 9s-102.7 2.6-132.1-9c-19.6-7.8-34.7-22.9-42.6-42.6-11.7-29.5-9-99.5-9-132.1s-2.6-102.7 9-132.1c7.8-19.6 22.9-34.7 42.6-42.6 29.5-11.7 99.5-9 132.1-9s102.7-2.6 132.1 9c19.6 7.8 34.7 22.9 42.6 42.6 11.7 29.5 9 99.5 9 132.1s2.7 102.7-9 132.1z\"><\/path><\/svg>\t\t\t\t\t<\/a>\n\t\t\t\t<\/span>\n\t\t\t\t\t\t\t<span class=\"elementor-grid-item\" role=\"listitem\">\n\t\t\t\t\t<a class=\"elementor-icon elementor-social-icon elementor-social-icon-linkedin elementor-repeater-item-f099044\" href=\"https:\/\/www.linkedin.com\/uas\/login?session_redirect=https%3A%2F%2Fwww.linkedin.com%2Fcompany%2F105668216%2Fadmin%2Fdashboard%2F\" target=\"_blank\">\n\t\t\t\t\t\t<span class=\"elementor-screen-only\">Linkedin<\/span>\n\t\t\t\t\t\t<svg aria-hidden=\"true\" class=\"e-font-icon-svg e-fab-linkedin\" viewBox=\"0 0 448 512\" xmlns=\"http:\/\/www.w3.org\/2000\/svg\"><path d=\"M416 32H31.9C14.3 32 0 46.5 0 64.3v383.4C0 465.5 14.3 480 31.9 480H416c17.6 0 32-14.5 32-32.3V64.3c0-17.8-14.4-32.3-32-32.3zM135.4 416H69V202.2h66.5V416zm-33.2-243c-21.3 0-38.5-17.3-38.5-38.5S80.9 96 102.2 96c21.2 0 38.5 17.3 38.5 38.5 0 21.3-17.2 38.5-38.5 38.5zm282.1 243h-66.4V312c0-24.8-.5-56.7-34.5-56.7-34.6 0-39.9 27-39.9 54.9V416h-66.4V202.2h63.7v29.2h.9c8.9-16.8 30.6-34.5 62.9-34.5 67.2 0 79.7 44.3 79.7 101.9V416z\"><\/path><\/svg>\t\t\t\t\t<\/a>\n\t\t\t\t<\/span>\n\t\t\t\t\t<\/div>\n\t\t\t\t\t\t<\/div>\n\t\t\t\t<\/div>\n\t\t<div class=\"elementor-element elementor-element-8c8116e e-con-full e-flex e-con e-child\" data-id=\"8c8116e\" data-element_type=\"container\" data-e-type=\"container\">\n\t\t\t\t<div class=\"elementor-element elementor-element-5a49231 elementor--h-position-center elementor--v-position-middle elementor-arrows-position-inside elementor-pagination-position-inside elementor-widget elementor-widget-slides\" data-id=\"5a49231\" data-element_type=\"widget\" data-e-type=\"widget\" data-settings=\"{&quot;navigation&quot;:&quot;both&quot;,&quot;autoplay&quot;:&quot;yes&quot;,&quot;pause_on_hover&quot;:&quot;yes&quot;,&quot;pause_on_interaction&quot;:&quot;yes&quot;,&quot;autoplay_speed&quot;:5000,&quot;infinite&quot;:&quot;yes&quot;,&quot;transition&quot;:&quot;slide&quot;,&quot;transition_speed&quot;:500}\" data-widget_type=\"slides.default\">\n\t\t\t\t\t\t\t\t\t\t<div class=\"elementor-slides-wrapper elementor-main-swiper swiper\" role=\"region\" aria-roledescription=\"carousel\" aria-label=\"Slides\" dir=\"ltr\" data-animation=\"fadeInUp\">\n\t\t\t\t<div class=\"swiper-wrapper elementor-slides\">\n\t\t\t\t\t\t\t\t\t\t<div class=\"elementor-repeater-item-8a66622 swiper-slide\" role=\"group\" aria-roledescription=\"slide\"><div class=\"swiper-slide-bg\" role=\"img\" aria-label=\"808999\"><\/div><div class=\"swiper-slide-inner\" ><div class=\"swiper-slide-contents\"><\/div><\/div><\/div><div class=\"elementor-repeater-item-4e3d68e swiper-slide\" role=\"group\" aria-roledescription=\"slide\"><div class=\"swiper-slide-bg\" role=\"img\" aria-label=\"5555555555\"><\/div><div class=\"swiper-slide-inner\" ><div class=\"swiper-slide-contents\"><\/div><\/div><\/div>\t\t\t\t<\/div>\n\t\t\t\t\t\t\t\t\t\t\t\t\t\t\t<div class=\"elementor-swiper-button elementor-swiper-button-prev\" role=\"button\" tabindex=\"0\" aria-label=\"Previous slide\">\n\t\t\t\t\t\t\t<svg aria-hidden=\"true\" class=\"e-font-icon-svg e-eicon-chevron-left\" viewBox=\"0 0 1000 1000\" xmlns=\"http:\/\/www.w3.org\/2000\/svg\"><path d=\"M646 125C629 125 613 133 604 142L308 442C296 454 292 471 292 487 292 504 296 521 308 533L604 854C617 867 629 875 646 875 663 875 679 871 692 858 704 846 713 829 713 812 713 796 708 779 692 767L438 487 692 225C700 217 708 204 708 187 708 171 704 154 692 142 675 129 663 125 646 125Z\"><\/path><\/svg>\t\t\t\t\t\t<\/div>\n\t\t\t\t\t\t<div class=\"elementor-swiper-button elementor-swiper-button-next\" role=\"button\" tabindex=\"0\" aria-label=\"Next slide\">\n\t\t\t\t\t\t\t<svg aria-hidden=\"true\" class=\"e-font-icon-svg e-eicon-chevron-right\" viewBox=\"0 0 1000 1000\" xmlns=\"http:\/\/www.w3.org\/2000\/svg\"><path d=\"M696 533C708 521 713 504 713 487 713 471 708 454 696 446L400 146C388 133 375 125 354 125 338 125 325 129 313 142 300 154 292 171 292 187 292 204 296 221 308 233L563 492 304 771C292 783 288 800 288 817 288 833 296 850 308 863 321 871 338 875 354 875 371 875 388 867 400 854L696 533Z\"><\/path><\/svg>\t\t\t\t\t\t<\/div>\n\t\t\t\t\t\t\t\t\t\t\t\t\t\t\t\t<div class=\"swiper-pagination\"><\/div>\n\t\t\t\t\t\t\t\t\t\t\t\t<\/div>\n\t\t\t\t\t\t\t\t<\/div>\n\t\t\t\t<\/div>\n\t\t\t\t\t<\/div>\n\t\t\t\t<\/div>\n\t\t<div class=\"elementor-element elementor-element-6f463c94 e-con-full e-flex e-con e-parent\" data-id=\"6f463c94\" data-element_type=\"container\" data-e-type=\"container\" data-settings=\"{&quot;background_background&quot;:&quot;classic&quot;}\">\n\t\t\t\t<div class=\"elementor-element elementor-element-3d489a92 elementor-widget elementor-widget-elementskit-heading\" data-id=\"3d489a92\" data-element_type=\"widget\" data-e-type=\"widget\" data-widget_type=\"elementskit-heading.default\">\n\t\t\t\t\t<div class=\"ekit-wid-con\" ><div class=\"ekit-heading elementskit-section-title-wraper text_left   ekit_heading_tablet-   ekit_heading_mobile-text_center\"><p class=\"ekit-heading--title elementskit-section-title \">\u00a92025. Todos los derechos reservados .<\/p><\/div><\/div>\t\t\t\t<\/div>\n\t\t\t\t<\/div>\n\t\t\t\t<\/div>\n\t\t","protected":false},"excerpt":{"rendered":"<p>Canal de Quejas y Sugerencias En Terminal de Cargas del Ecuador promovemos la mejora continua y la transparencia. Su opini\u00f3n es importante para nosotros Le invitamos a registrar su queja, reclamo o sugerencia escaneando el siguiente c\u00f3digo QR. Accede al formulario Direcci\u00f3n: Av. de las Am\u00e9ricas s\/n. Aeropuerto Jos\u00e9 Joaquin de Olmedo N\u00famero de contacto:&#8230;<\/p>\n","protected":false},"author":1,"featured_media":0,"parent":0,"menu_order":0,"comment_status":"closed","ping_status":"closed","template":"template-builder.php","meta":{"footnotes":""},"class_list":["post-2261","page","type-page","status-publish","hentry","page--item"],"_links":{"self":[{"href":"https:\/\/tce.aero\/index.php?rest_route=\/wp\/v2\/pages\/2261","targetHints":{"allow":["GET"]}}],"collection":[{"href":"https:\/\/tce.aero\/index.php?rest_route=\/wp\/v2\/pages"}],"about":[{"href":"https:\/\/tce.aero\/index.php?rest_route=\/wp\/v2\/types\/page"}],"author":[{"embeddable":true,"href":"https:\/\/tce.aero\/index.php?rest_route=\/wp\/v2\/users\/1"}],"replies":[{"embeddable":true,"href":"https:\/\/tce.aero\/index.php?rest_route=%2Fwp%2Fv2%2Fcomments&post=2261"}],"version-history":[{"count":41,"href":"https:\/\/tce.aero\/index.php?rest_route=\/wp\/v2\/pages\/2261\/revisions"}],"predecessor-version":[{"id":2575,"href":"https:\/\/tce.aero\/index.php?rest_route=\/wp\/v2\/pages\/2261\/revisions\/2575"}],"wp:attachment":[{"href":"https:\/\/tce.aero\/index.php?rest_route=%2Fwp%2Fv2%2Fmedia&parent=2261"}],"curies":[{"name":"wp","href":"https:\/\/api.w.org\/{rel}","templated":true}]}}